{"id":99,"date":"2023-05-26T07:41:35","date_gmt":"2023-05-26T07:41:35","guid":{"rendered":"https:\/\/juliagelabert.com\/?page_id=99"},"modified":"2023-05-26T07:41:35","modified_gmt":"2023-05-26T07:41:35","slug":"politica-de-privacidad","status":"publish","type":"page","link":"https:\/\/juliagelabert.com\/ca\/politica-de-privacidad\/","title":{"rendered":"POL\u00cdTICA DE PRIVACIDAD"},"content":{"rendered":"<p>La simple visita a este sitio web no implica que el usuario est\u00e9 obligado a facilitar sus datos personales. En caso de que el usuario realice alguna de las acciones que impliquen un tratamiento de sus datos personales \u00e9stos ser\u00e1n tratados de forma leal, transparente y con estricto respeto a las disposiciones contenidas en el Reglamento (UE) 2016\/679, de 27 de abril, General de Protecci\u00f3n de Datos (RGPD), la Ley Org\u00e1nica 3\/2018, de 5 de diciembre, de Protecci\u00f3n de Datos Personales y garant\u00eda de los derechos digitales (LOPDGDD) y dem\u00e1s normativa aplicable en cada momento en el Espacio Econ\u00f3mico Europeo.&nbsp;<\/p>\n\n\n\n<p>Esta Pol\u00edtica de Privacidad regula la recogida y el tratamiento de los datos personales que sean proporcionados por los usuarios del sitio web, cuando accedan, naveguen o hagan uso de las funcionalidades del mismo.&nbsp;<\/p>\n\n\n\n<p>En cumplimento de lo dispuesto en el art\u00edculo 13 RGPD le informamos:&nbsp;<\/p>\n\n\n\n<p><strong>1. DATOS IDENTIFICATIVOS DEL RESPONSABLE DEL TRATAMIENTO&nbsp;<\/strong><\/p>\n\n\n\n<p><strong>Responsable del Tratamiento<\/strong>: J\u00falia Gelabert Pons, como titular del presente dominio web, actuando como Profesional psicol\u00f3gica sanitaria (en adelante, la Profesional titular del Sitio web).&nbsp;<\/p>\n\n\n\n<p><strong>N\u00famero de colegiada: <\/strong>B-03545, por el Colegio Oficial de Psicolog\u00eda de las Islas Baleares. <strong>Domicilio a efecto de notificaciones: <\/strong>C\/ Sud, n\u00ba30. 07760 Ciutadella de Menorca. <strong>Correo electr\u00f3nico de contacto<\/strong>: salut@juliagelabert.com&nbsp;<\/p>\n\n\n\n<p><strong>2. FINALIDADES DEL TRATAMIENTO DE SUS DATOS PERSONALES&nbsp;<\/strong><\/p>\n\n\n\n<p><strong>1. \u00bfAlguna duda? (contacto y consultas): <\/strong>trataremos tus datos identificativos (nombre y apellidos) y de contacto (correo electr\u00f3nico) a efectos de resolver las dudas, consultas o peticiones de informaci\u00f3n acerca de nuestros servicios que puedan surgirle al navegar por nuestro sitio web. Dichos datos ser\u00e1n recogidos mediante formularios habilitados a tal efecto en el presente Sitio web.<\/p>\n\n\n\n<p><strong>2. Canal Instagram: <\/strong>En este caso, si decides clicar en \u201cS\u00edgueme\u201d, y contactar o seguir al perfil de la Profesional titular del sitio web, trataremos tus datos de contacto e identificativos que nos puedas facilitar por tal v\u00eda, as\u00ed como los datos que aparezcan en su perfil de Instagram a efectos de contactar contigo y resolver a sus consultas. Ten en cuenta que la Profesional titular del Sitio web tendr\u00e1 acceso a dichas informaciones, algo que no sucede, por ejemplo, en caso de contacto telef\u00f3nico, correo electr\u00f3nico o uso de formularios. En cualquier caso, te aseguramos que la finalidad del tratamiento ser\u00e1 la misma que en los dem\u00e1s acanales: atender a sus consultas.&nbsp;<\/p>\n\n\n\n<p><strong>3. LEGITIMACI\u00d3N DEL TRATAMIENTO DE SUS DATOS&nbsp;<\/strong><\/p>\n\n\n\n<p><strong>1. Contacto y consultas: <\/strong>En cuanto al uso de tus datos para contacto y consultas facilitados mediante el formulario habilitado, trataremos tus datos en virtud del inter\u00e9s leg\u00edtimo que tiene la Profesional titular del Sitio web en darte un trato atento y personalizado, dando respuesta a sus peticiones. De este modo, tratamos sus datos de acuerdo con lo previsto en el art\u00edculo 6.1 f) RGPD.&nbsp;<\/p>\n\n\n\n<p><strong>2. Canal Instagram: <\/strong>En este caso, trataremos tus datos en virtud de lo dispuesto en el art\u00edculo 6.1 a) RGPD, esto es, en virtud de tu consentimiento.&nbsp;<\/p>\n\n\n\n<p><strong>4. DESTINATARIOS DE TUS DATOS PERSONALES&nbsp;<\/strong><\/p>\n\n\n\n<p>A ra\u00edz de las interacciones que realices en los campos habilitados del Sitio web, mediante formularios de contacto y\/o contactos mediante canales habilitados, tus datos podr\u00e1n ser comunicados a los siguientes destinatarios:&nbsp;<\/p>\n\n\n\n<p>- Instituciones que prestan servicios de investigaci\u00f3n, descubrimiento y prevenci\u00f3n del fraude, as\u00ed como la minimizaci\u00f3n del riesgo de su comisi\u00f3n, en base al inter\u00e9s leg\u00edtimo reconocido por la normativa vigente, cuando recaiga obligaci\u00f3n legal de comunicaci\u00f3n sobre la Profesional titular del Sitio web.&nbsp;<\/p>\n\n\n\n<p>- A la Oficina de consumidores y usuarios en caso de existir alguna reclamaci\u00f3n. - En los supuestos legalmente establecidos, como es el caso de las Fuerzas y Cuerpos de Seguridad, as\u00ed como a las autoridades judiciales cuando as\u00ed corresponda. - A las administraciones p\u00fablicas a las que tengamos que facilitar informaci\u00f3n con motivo del cumplimiento de nuestras obligaciones legales.&nbsp;<\/p>\n\n\n\n<p>- A los proveedores de servicios web y canales de contacto habilitados en el sitio web, quienes tienen la consideraci\u00f3n de encargados de tratamiento de la Profesional titular del sitio web.&nbsp;<\/p>\n\n\n\n<p>En cualquier caso, los datos a que tengan acceso los terceros con los que intermediamos para prestar nuestro servicio se realizar\u00e1n en estricto cumplimiento de lo dispuesto en el RGPD LOPDGDD y dem\u00e1s normativa aplicable en cada momento.&nbsp;<\/p>\n\n\n\n<p>En ning\u00fan caso sus datos ser\u00e1n transferidos a empresas u organizaciones internacionales fuera del Espacio Econ\u00f3mico Europeo. En caso de que este hecho cambie, le informaremos de ello actualizando la presente pol\u00edtica de privacidad y adoptando los mecanismos necesarios para legitimar tales tratamientos de sus datos.<\/p>\n\n\n\n<p>Meramente a efectos informativos, recuerde que el uso de Instagram implica una cesi\u00f3n de sus datos a los Estados Unidos de Am\u00e9rica, por encontrarse all\u00ed ubicados los servidores de la Compa\u00f1\u00eda prestadora del servicio. Recuerde la Profesional titular del Sitio web no har\u00e1 uso de dicho canal salvo que usted as\u00ed lo desee.&nbsp;<\/p>\n\n\n\n<p>La Profesional titular del Sitio web asume su compromiso en asegurar la confidencialidad de los datos aportados y garantiza que, en ning\u00fan caso, ser\u00e1n cedidos para ning\u00fan otro uso a parte de los descritos sin mediar consentimiento previo y expreso de nuestros clientes. S\u00f3lo le pediremos aquellos datos necesarios para la prestaci\u00f3n del servicio requerido y \u00fanicamente ser\u00e1n empleados para tal fin.&nbsp;<\/p>\n\n\n\n<p><strong>5. CONSERVACI\u00d3N DE LOS DATOS&nbsp;<\/strong><\/p>\n\n\n\n<p>Sus datos ser\u00e1n conservados en funci\u00f3n de la finalidad para la cual fueron recogidos y tratados:&nbsp;<\/p>\n\n\n\n<p>- <strong>Contacto y consultas (\u00bfAlguna duda? o \u201cS\u00edgueme\u201d): <\/strong>En este sentido, conservaremos tus datos hasta la efectiva resoluci\u00f3n de su consulta o requerimiento de informaci\u00f3n. Posteriormente, los mismos se conservar\u00e1n durante el plazo prudencial de un a\u00f1o, salvo que existan otros plazos legalmente aplicables.&nbsp;<\/p>\n\n\n\n<p><strong>6. DERECHOS DE LOS INTERESADOS&nbsp;<\/strong><\/p>\n\n\n\n<p>En cumplimiento de la normativa vigente, el interesado tiene derecho a:&nbsp;<\/p>\n\n\n\n<p>&#x2714; Podr\u00e1s solicitar informaci\u00f3n sobre los datos de car\u00e1cter personal almacenados que le conciernan (acceso).&nbsp;<\/p>\n\n\n\n<p>&#x2714; Podr\u00e1s solicitar que se corrija la inexactitud de sus datos personales. (rectificaci\u00f3n) &#x2714; Podr\u00e1s solicitar la eliminaci\u00f3n o limitaci\u00f3n del tratamiento de sus datos personales (supresi\u00f3n y limitaci\u00f3n).&nbsp;<\/p>\n\n\n\n<p>&#x2714; Tambi\u00e9n podr\u00e1s solicitar que se le pongan a disposici\u00f3n sus datos personales en un formato estructurado, corriente y de lectura mec\u00e1nica (portabilidad), as\u00ed como a no ser objeto de decisiones automatizadas.&nbsp;<\/p>\n\n\n\n<p>Para el ejercicio de todos sus derechos puedes enviarnos comunicaci\u00f3n escrita, adjuntando tu documento nacional de identidad o documento equivalente acreditativo de tu identidad a la siguiente direcci\u00f3n salut@juliagelabert.com . Tambi\u00e9n, mediante comunicaci\u00f3n postal a la direcci\u00f3n postal indicada en la secci\u00f3n 1 de la presente pol\u00edtica.&nbsp;<\/p>\n\n\n\n<p>En caso de que consideres que de alg\u00fan modo hemos desatendido o vulnerado sus derechos, te informamos que tienes derecho a presentar una reclamaci\u00f3n ante la autoridad de control competente, como la Agencia Espa\u00f1ola de Protecci\u00f3n de Datos (https:\/\/www.aepd.es\/es ).&nbsp;<\/p>\n\n\n\n<p><strong>7. CONFIDENCIALIDAD Y SECRETO PROFESIONAL&nbsp;<\/strong><\/p>\n\n\n\n<p>Los datos recogidos en todas las comunicaciones privadas entre la Profesional titular del Sitio web y los usuarios ser\u00e1n tratados con absoluta confidencialidad, comprometi\u00e9ndose la Profesional a la obligaci\u00f3n de secreto de los datos de car\u00e1cter personal, a su deber de guardarlos y adoptar todas las medidas necesarias que eviten su alteraci\u00f3n, p\u00e9rdida y tratamiento o acceso no autorizado, de acuerdo con lo establecido en la normativa de protecci\u00f3n de datos aplicable.&nbsp;<\/p>\n\n\n\n<p>Adem\u00e1s, tambi\u00e9n tendr\u00e1 la condici\u00f3n de confidencial la informaci\u00f3n de cualquier tipo que las partes intercambien entre s\u00ed, aquella que estas acuerden que tiene tal naturaleza, o la que<\/p>\n\n\n\n<p>simplemente verse sobre el contenido de dicha informaci\u00f3n. La visualizaci\u00f3n de datos a trav\u00e9s de Internet no supondr\u00e1 el acceso directo a los mismos, salvo consentimiento expreso de su titular para cada ocasi\u00f3n.&nbsp;<\/p>\n\n\n\n<p><strong>8. MEDIDAS DE SEGURIDAD&nbsp;<\/strong><\/p>\n\n\n\n<p>La Profesional titular del Sitio web adopta los niveles de seguridad de la informaci\u00f3n requeridos por el art\u00edculo 32 RGPD adecuados a la naturaleza de los datos que son objeto de tratamiento en cada momento. No obstante lo anterior, la seguridad t\u00e9cnica en un medio como Internet no es inexpugnable y pueden existir actuaciones dolosas de terceros, si bien la Profesional titular del Sitio web pone todos los medios a su alcance para evitar dichas actuaciones.&nbsp;<\/p>\n\n\n\n<p>Si detecta o sospecha de alguna vulnerabilidad t\u00e9cnica que afecta al presente Siti web, env\u00ede un correo electr\u00f3nico a salut@juliagelabert.com o los dem\u00e1s datos de contacto facilitados en este sitio web.&nbsp;<\/p>\n\n\n\n<p><strong>9. CAMBIOS EN LA PRESENTE POL\u00cdTICA DE PRIVACIDAD&nbsp;<\/strong><\/p>\n\n\n\n<p>La Profesional titular del sitio web se reserva el derecho a modificar la presente pol\u00edtica con el objeto de adaptarla a las novedades legislativas o jurisprudenciales, as\u00ed como las que pudieran derivarse de c\u00f3digos tipo existentes en la materia, con efectos de la fecha de publicaci\u00f3n de dicha modificaci\u00f3n en el sitio web.&nbsp;<\/p>\n\n\n\n<p><strong>PARA CUALQUIER DUDA O ACLARACI\u00d3N, NO DUDE EN CONTRACTAR CON LA PROFESIONAL TITULAR DEL SITIO WEB&nbsp;<\/strong><\/p>\n\n\n\n<p>Fecha de \u00faltima actualizaci\u00f3n: Mayo de 2023.<br><\/p>","protected":false},"excerpt":{"rendered":"<p>La simple visita a este sitio web no implica que el usuario est\u00e9 obligado a facilitar sus datos personales. En caso de que el usuario realice alguna de las acciones que impliquen un tratamiento de sus datos personales \u00e9stos ser\u00e1n tratados de forma leal, transparente y con estricto respeto a las disposiciones contenidas en el [&hellip;]<\/p>","protected":false},"author":1,"featured_media":0,"parent":0,"menu_order":0,"comment_status":"closed","ping_status":"closed","template":"","meta":{"footnotes":""},"class_list":["post-99","page","type-page","status-publish","hentry"],"yoast_head":"<!-- This site is optimized with the Yoast SEO plugin v23.3 - https:\/\/yoast.com\/wordpress\/plugins\/seo\/ -->\n<title>POL\u00cdTICA DE PRIVACIDAD - Julia Gelabert<\/title>\n<meta name=\"robots\" content=\"index, follow, max-snippet:-1, max-image-preview:large, max-video-preview:-1\" \/>\n<link rel=\"canonical\" href=\"https:\/\/juliagelabert.com\/ca\/politica-de-privacidad\/\" \/>\n<meta property=\"og:locale\" content=\"ca_ES\" \/>\n<meta property=\"og:type\" content=\"article\" \/>\n<meta property=\"og:title\" content=\"POL\u00cdTICA DE PRIVACIDAD - Julia Gelabert\" \/>\n<meta property=\"og:description\" content=\"La simple visita a este sitio web no implica que el usuario est\u00e9 obligado a facilitar sus datos personales. En caso de que el usuario realice alguna de las acciones que impliquen un tratamiento de sus datos personales \u00e9stos ser\u00e1n tratados de forma leal, transparente y con estricto respeto a las disposiciones contenidas en el [&hellip;]\" \/>\n<meta property=\"og:url\" content=\"https:\/\/juliagelabert.com\/ca\/politica-de-privacidad\/\" \/>\n<meta property=\"og:site_name\" content=\"Julia Gelabert\" \/>\n<meta property=\"og:image\" content=\"https:\/\/juliagelabert.com\/wp-content\/uploads\/2021\/12\/cartell-1.jpg\" \/>\n\t<meta property=\"og:image:width\" content=\"964\" \/>\n\t<meta property=\"og:image:height\" content=\"964\" \/>\n\t<meta property=\"og:image:type\" content=\"image\/jpeg\" \/>\n<meta name=\"twitter:card\" content=\"summary_large_image\" \/>\n<meta name=\"twitter:label1\" content=\"Temps estimat de lectura\" \/>\n\t<meta name=\"twitter:data1\" content=\"8 minuts\" \/>\n<script type=\"application\/ld+json\" class=\"yoast-schema-graph\">{\"@context\":\"https:\/\/schema.org\",\"@graph\":[{\"@type\":\"WebPage\",\"@id\":\"https:\/\/juliagelabert.com\/politica-de-privacidad\/\",\"url\":\"https:\/\/juliagelabert.com\/politica-de-privacidad\/\",\"name\":\"POL\u00cdTICA DE PRIVACIDAD - Julia Gelabert\",\"isPartOf\":{\"@id\":\"https:\/\/juliagelabert.com\/#website\"},\"datePublished\":\"2023-05-26T07:41:35+00:00\",\"dateModified\":\"2023-05-26T07:41:35+00:00\",\"breadcrumb\":{\"@id\":\"https:\/\/juliagelabert.com\/politica-de-privacidad\/#breadcrumb\"},\"inLanguage\":\"ca\",\"potentialAction\":[{\"@type\":\"ReadAction\",\"target\":[\"https:\/\/juliagelabert.com\/politica-de-privacidad\/\"]}]},{\"@type\":\"BreadcrumbList\",\"@id\":\"https:\/\/juliagelabert.com\/politica-de-privacidad\/#breadcrumb\",\"itemListElement\":[{\"@type\":\"ListItem\",\"position\":1,\"name\":\"Portada\",\"item\":\"https:\/\/juliagelabert.com\/\"},{\"@type\":\"ListItem\",\"position\":2,\"name\":\"POL\u00cdTICA DE PRIVACIDAD\"}]},{\"@type\":\"WebSite\",\"@id\":\"https:\/\/juliagelabert.com\/#website\",\"url\":\"https:\/\/juliagelabert.com\/\",\"name\":\"Julia Gelabert\",\"description\":\"Julia Gelabert | Salut i Nutrici\u00f3\",\"publisher\":{\"@id\":\"https:\/\/juliagelabert.com\/#organization\"},\"potentialAction\":[{\"@type\":\"SearchAction\",\"target\":{\"@type\":\"EntryPoint\",\"urlTemplate\":\"https:\/\/juliagelabert.com\/?s={search_term_string}\"},\"query-input\":\"required name=search_term_string\"}],\"inLanguage\":\"ca\"},{\"@type\":\"Organization\",\"@id\":\"https:\/\/juliagelabert.com\/#organization\",\"name\":\"J\u00falia Gelabert\",\"url\":\"https:\/\/juliagelabert.com\/\",\"logo\":{\"@type\":\"ImageObject\",\"inLanguage\":\"ca\",\"@id\":\"https:\/\/juliagelabert.com\/#\/schema\/logo\/image\/\",\"url\":\"https:\/\/juliagelabert.com\/wp-content\/uploads\/2021\/12\/cartell-1.jpg\",\"contentUrl\":\"https:\/\/juliagelabert.com\/wp-content\/uploads\/2021\/12\/cartell-1.jpg\",\"width\":964,\"height\":964,\"caption\":\"J\u00falia Gelabert\"},\"image\":{\"@id\":\"https:\/\/juliagelabert.com\/#\/schema\/logo\/image\/\"},\"sameAs\":[\"https:\/\/www.instagram.com\/julia.dietista\/\"]}]}<\/script>\n<!-- \/ Yoast SEO plugin. -->","yoast_head_json":{"title":"POL\u00cdTICA DE PRIVACIDAD - Julia Gelabert","robots":{"index":"index","follow":"follow","max-snippet":"max-snippet:-1","max-image-preview":"max-image-preview:large","max-video-preview":"max-video-preview:-1"},"canonical":"https:\/\/juliagelabert.com\/ca\/politica-de-privacidad\/","og_locale":"ca_ES","og_type":"article","og_title":"POL\u00cdTICA DE PRIVACIDAD - Julia Gelabert","og_description":"La simple visita a este sitio web no implica que el usuario est\u00e9 obligado a facilitar sus datos personales. En caso de que el usuario realice alguna de las acciones que impliquen un tratamiento de sus datos personales \u00e9stos ser\u00e1n tratados de forma leal, transparente y con estricto respeto a las disposiciones contenidas en el [&hellip;]","og_url":"https:\/\/juliagelabert.com\/ca\/politica-de-privacidad\/","og_site_name":"Julia Gelabert","og_image":[{"width":964,"height":964,"url":"https:\/\/juliagelabert.com\/wp-content\/uploads\/2021\/12\/cartell-1.jpg","type":"image\/jpeg"}],"twitter_card":"summary_large_image","twitter_misc":{"Temps estimat de lectura":"8 minuts"},"schema":{"@context":"https:\/\/schema.org","@graph":[{"@type":"WebPage","@id":"https:\/\/juliagelabert.com\/politica-de-privacidad\/","url":"https:\/\/juliagelabert.com\/politica-de-privacidad\/","name":"POL\u00cdTICA DE PRIVACIDAD - Julia Gelabert","isPartOf":{"@id":"https:\/\/juliagelabert.com\/#website"},"datePublished":"2023-05-26T07:41:35+00:00","dateModified":"2023-05-26T07:41:35+00:00","breadcrumb":{"@id":"https:\/\/juliagelabert.com\/politica-de-privacidad\/#breadcrumb"},"inLanguage":"ca","potentialAction":[{"@type":"ReadAction","target":["https:\/\/juliagelabert.com\/politica-de-privacidad\/"]}]},{"@type":"BreadcrumbList","@id":"https:\/\/juliagelabert.com\/politica-de-privacidad\/#breadcrumb","itemListElement":[{"@type":"ListItem","position":1,"name":"Portada","item":"https:\/\/juliagelabert.com\/"},{"@type":"ListItem","position":2,"name":"POL\u00cdTICA DE PRIVACIDAD"}]},{"@type":"WebSite","@id":"https:\/\/juliagelabert.com\/#website","url":"https:\/\/juliagelabert.com\/","name":"Julia Gelabert","description":"Julia Gelabert | Salut i Nutrici\u00f3","publisher":{"@id":"https:\/\/juliagelabert.com\/#organization"},"potentialAction":[{"@type":"SearchAction","target":{"@type":"EntryPoint","urlTemplate":"https:\/\/juliagelabert.com\/?s={search_term_string}"},"query-input":"required name=search_term_string"}],"inLanguage":"ca"},{"@type":"Organization","@id":"https:\/\/juliagelabert.com\/#organization","name":"J\u00falia Gelabert","url":"https:\/\/juliagelabert.com\/","logo":{"@type":"ImageObject","inLanguage":"ca","@id":"https:\/\/juliagelabert.com\/#\/schema\/logo\/image\/","url":"https:\/\/juliagelabert.com\/wp-content\/uploads\/2021\/12\/cartell-1.jpg","contentUrl":"https:\/\/juliagelabert.com\/wp-content\/uploads\/2021\/12\/cartell-1.jpg","width":964,"height":964,"caption":"J\u00falia Gelabert"},"image":{"@id":"https:\/\/juliagelabert.com\/#\/schema\/logo\/image\/"},"sameAs":["https:\/\/www.instagram.com\/julia.dietista\/"]}]}},"_links":{"self":[{"href":"https:\/\/juliagelabert.com\/ca\/wp-json\/wp\/v2\/pages\/99"}],"collection":[{"href":"https:\/\/juliagelabert.com\/ca\/wp-json\/wp\/v2\/pages"}],"about":[{"href":"https:\/\/juliagelabert.com\/ca\/wp-json\/wp\/v2\/types\/page"}],"author":[{"embeddable":true,"href":"https:\/\/juliagelabert.com\/ca\/wp-json\/wp\/v2\/users\/1"}],"replies":[{"embeddable":true,"href":"https:\/\/juliagelabert.com\/ca\/wp-json\/wp\/v2\/comments?post=99"}],"version-history":[{"count":1,"href":"https:\/\/juliagelabert.com\/ca\/wp-json\/wp\/v2\/pages\/99\/revisions"}],"predecessor-version":[{"id":100,"href":"https:\/\/juliagelabert.com\/ca\/wp-json\/wp\/v2\/pages\/99\/revisions\/100"}],"wp:attachment":[{"href":"https:\/\/juliagelabert.com\/ca\/wp-json\/wp\/v2\/media?parent=99"}],"curies":[{"name":"wp","href":"https:\/\/api.w.org\/{rel}","templated":true}]}}