{"id":97,"date":"2023-05-26T07:40:05","date_gmt":"2023-05-26T07:40:05","guid":{"rendered":"https:\/\/juliagelabert.com\/?page_id=97"},"modified":"2023-05-26T07:40:05","modified_gmt":"2023-05-26T07:40:05","slug":"aviso-legal","status":"publish","type":"page","link":"https:\/\/juliagelabert.com\/ca\/aviso-legal\/","title":{"rendered":"AVISO LEGAL"},"content":{"rendered":"<p>1. <strong>DATOS IDENTIFICATIVOS TITULAR DEL SITIO WEB&nbsp;<\/strong><\/p>\n\n\n\n<p>En cumplimiento con el deber de informaci\u00f3n recogido en art\u00edculo 10 de la Ley 34\/2002, de 11 de julio, de Servicios de la Sociedad de la Informaci\u00f3n y del Comercio Electr\u00f3nico (LSSI), a continuaci\u00f3n, se reflejan los siguientes datos identificativos.&nbsp;<\/p>\n\n\n\n<p><strong>Titular del dominio web <\/strong>www.juliagelabert.com : Julia Gelabert Pons, Psic\u00f3loga colegiada por el Colegio Oficial de Psicolog\u00eda de las Islas Baleares, con n\u00famero de colegiada B-03545 act\u00faa como titular del presente dominio web (el Sitio web, en adelante).&nbsp;<\/p>\n\n\n\n<p><strong>Domicilio a efecto de notificaciones<\/strong>: C\/ Sud, n\u00ba 30. 07760 Ciutadella de Menorca. <strong>Correo electr\u00f3nico de contacto del titular del sitio web<\/strong>: salut@juliagelabert.com&nbsp;<\/p>\n\n\n\n<p><strong>2. USUARIOS&nbsp;<\/strong><\/p>\n\n\n\n<p>El acceso y\/o uso del presente Sitio web le atribuye la condici\u00f3n de USUARIO, que acepta, desde dicho acceso y\/o uso, las Condiciones Generales de Uso aqu\u00ed reflejadas. Las citadas Condiciones ser\u00e1n de aplicaci\u00f3n independientemente de las Condiciones Generales de Contrataci\u00f3n que en su caso resulten de obligado cumplimiento.&nbsp;<\/p>\n\n\n\n<p><strong>3. USO DEL PORTAL Y ACCESO A LOS SERVICIOS&nbsp;<\/strong><\/p>\n\n\n\n<p>Este portal proporciona el acceso a diversas informaciones y descripciones de servicios ofertados por la profesional Julia Gelabert en Internet pertenecientes a la actividad profesional desarrollada por la titular del Sitio web. La titular del Sitio web, facilita acceso al USUARIO a dichos contenidos y, el USUARIO, asume la responsabilidad del correcto uso del portal y sus contenidos.&nbsp;<\/p>\n\n\n\n<p>El presente portal web no es de car\u00e1cter transaccional, es decir, desde el mismo no es posible realizar la contrataci\u00f3n de los servicios profesionales ofertados.&nbsp;<\/p>\n\n\n\n<p>A tal efecto, en caso de que el USUARIO decida contratar los servicios profesionales ofertados por la Profesional titular del Sitio web deber\u00e1 contactar v\u00eda datos de contacto habilitados o bien v\u00eda formulario web para acceder a los servicios profesionales ofertados.&nbsp;<\/p>\n\n\n\n<p>Los servicios profesionales prestados la Profesional titular del Sitio web se describen sucintamente en el presente Sitio web bajo los siguientes apartados:&nbsp;<\/p>\n\n\n\n<p>\u25cf Sesiones individuales.&nbsp;<\/p>\n\n\n\n<p>\u25cf Plan familiar.&nbsp;<\/p>\n\n\n\n<p>\u25cf Talleres de cocina.&nbsp;<\/p>\n\n\n\n<p>\u25cf Planificaci\u00f3n de caterings para empresas y eventos.&nbsp;<\/p>\n\n\n\n<p>No obstante, la contrataci\u00f3n de los mismos no se ejecutar\u00e1 mientras el USUARIO no contacte con la Profesional titular del Sitio web y las partes as\u00ed lo convengan.&nbsp;<\/p>\n\n\n\n<p>La relaci\u00f3n contractual que pueda surgir entre el USUARIO y la Profesional titular del Sitio web se regir\u00e1 por la oferta de servicios profesionales facilitada por la misma al USUARIO, tras la oportuna aceptaci\u00f3n por parte del USUARIO de dicha. Con car\u00e1cter general, llegado el<\/p>\n\n\n\n<p>momento, de acuerdo en la oferta de servicios profesionales ya aceptada, el USUARIO se obliga al abono de los honorarios de la Profesional titular del Sitio web en las condiciones pactadas en la referida oferta vinculante. Todos los pagos se abonar\u00e1n mediante la modalidad de pago acordada entre la Profesional titular del Sitio web y el USUARIO.&nbsp;<\/p>\n\n\n\n<p><strong>4. PROTECCI\u00d3N DE DATOS&nbsp;<\/strong><\/p>\n\n\n\n<p>La Profesional titular del Sitio web, cumple con las directrices del Reglamento (UE) 2016\/679 del Parlamento y del Consejo de 27 de abril de 2016 relativo a la protecci\u00f3n de las personas f\u00edsicas, as\u00ed como con lo dispuesto en la Ley Org\u00e1nica 3\/2018, de 5 de diciembre, de Protecci\u00f3n de Datos Personales y garant\u00eda de los derechos digitales. Esto es, se vela por garantizar un correcto uso y tratamiento de los datos personales del usuario.&nbsp;<\/p>\n\n\n\n<p>Para m\u00e1s informaci\u00f3n, acuda a nuestra Pol\u00edtica de Privacidad.&nbsp;<\/p>\n\n\n\n<p>Asimismo, la Profesional titular del Sitio web le informa que da cumplimiento a la Ley 34\/2002 de 11 de julio, de Servicios de la Sociedad de la Informaci\u00f3n y el Comercio Electr\u00f3nico y le solicitar\u00e1 su consentimiento para el eventual uso de su correo electr\u00f3nico con fines comerciales en cada momento.&nbsp;<\/p>\n\n\n\n<p><strong>5. PROPIEDAD INTELECTUAL E INDUSTRIAL&nbsp;<\/strong><\/p>\n\n\n\n<p>La Profesional titular del Sitio web, por s\u00ed o como cesionario, es titular de todos los derechos de propiedad intelectual e industrial de su p\u00e1gina web, as\u00ed como de los elementos contenidos en la misma (a t\u00edtulo enunciativo, im\u00e1genes, sonido, audio, v\u00eddeo, software o textos; marcas o logotipos, combinaciones de colores, estructura y dise\u00f1o, selecci\u00f3n de materiales usados, programas de ordenador necesarios para su funcionamiento, acceso y uso, etc.). Todos los derechos reservados.&nbsp;<\/p>\n\n\n\n<p>De acuerdo con lo anterior, quedan expresamente prohibidas la reproducci\u00f3n, la distribuci\u00f3n y la comunicaci\u00f3n p\u00fablica, incluida su modalidad de puesta a disposici\u00f3n, de la totalidad o parte de los contenidos de esta p\u00e1gina web, con fines comerciales, en cualquier soporte y por cualquier medio t\u00e9cnico, sin la autorizaci\u00f3n previa y escrita de la Profesional titular del Sitio web.&nbsp;<\/p>\n\n\n\n<p>El USUARIO se compromete a respetar los derechos de Propiedad Intelectual titularidad de la Profesional Titular del Sitio web. El USUARIO podr\u00e1 visualizar los elementos del portal e incluso imprimirlos, copiarlos y almacenarlos en su dispositivo o en cualquier otro soporte f\u00edsico siempre y cuando sea, \u00fanica y exclusivamente, para su uso personal y privado. El USUARIO deber\u00e1 abstenerse de suprimir, alterar, eludir o manipular cualquier dispositivo de protecci\u00f3n o sistema de seguridad que estuviera instalado en la presente p\u00e1gina web.&nbsp;<\/p>\n\n\n\n<p><strong>6. EXCLUSI\u00d3N DE GARANT\u00cdAS Y RESPONSABILIDAD&nbsp;<\/strong><\/p>\n\n\n\n<p>La Profesional titular del Sitio web no se hace responsable, en ning\u00fan caso, de los da\u00f1os y perjuicios de cualquier naturaleza que pudieran ocasionar, a t\u00edtulo enunciativo: errores u omisiones en los contenidos, falta de disponibilidad del portal o la transmisi\u00f3n de virus o programas maliciosos o lesivos en los contenidos, a pesar de haber adoptado todas las medidas tecnol\u00f3gicas necesarias para evitarlo.&nbsp;<\/p>\n\n\n\n<p><strong>7. MODIFICACIONES<\/strong><\/p>\n\n\n\n<p>La Profesional titular del Sitio web se reserva el derecho de efectuar sin previo aviso las modificaciones que considere oportunas en su portal, pudiendo cambiar, suprimir o a\u00f1adir tanto los contenidos y servicios que se presten a trav\u00e9s de esta como la forma en la que \u00e9stos aparezcan presentados o localizados en su portal.&nbsp;<\/p>\n\n\n\n<p><strong>8. ENLACES&nbsp;<\/strong><\/p>\n\n\n\n<p>En el caso de que en el sitio web se dispusiesen enlaces o hiperv\u00ednculos hac\u00eda otros sitios de Internet, la Profesional titular del Sitio web no ejercer\u00e1 ning\u00fan tipo de control sobre dichos sitios y contenidos. En ning\u00fan caso la Profesional titular del Sitio web, asumir\u00e1 responsabilidad alguna por los contenidos de alg\u00fan enlace perteneciente a un sitio web ajeno, ni garantizar\u00e1 la disponibilidad t\u00e9cnica, calidad, fiabilidad, exactitud, amplitud, veracidad, validez y constitucionalidad de cualquier material o informaci\u00f3n contenida en ninguno de dichos hiperv\u00ednculos u otros sitios de Internet. Igualmente, la inclusi\u00f3n de estas conexiones externas no implicar\u00e1 ning\u00fan tipo de asociaci\u00f3n, fusi\u00f3n o participaci\u00f3n con las entidades conectadas.&nbsp;<\/p>\n\n\n\n<p><strong>9. DERECHO DE EXCLUSI\u00d3N&nbsp;<\/strong><\/p>\n\n\n\n<p>La Profesional titular del Sitio web se reserva el derecho a denegar o retirar el acceso al portal y\/o los servicios profesionales ofertados sin necesidad de preaviso, a instancia propia o de un tercero, a aquellos usuarios que incumplan las presentes Condiciones Generales de Uso.&nbsp;<\/p>\n\n\n\n<p><strong>10. ACCIONES FRENTE A INCUMPLIMIENTOS&nbsp;<\/strong><\/p>\n\n\n\n<p>La Profesional titular del Sitio web perseguir\u00e1 el incumplimiento de las presentes condiciones, as\u00ed como cualquier utilizaci\u00f3n indebida de su portal ejerciendo todas las acciones civiles y penales que le puedan corresponder en derecho.&nbsp;<\/p>\n\n\n\n<p><strong>11. CAMBIOS EN LAS PRESENTES CONDICIONES Y DURACI\u00d3N&nbsp;<\/strong><\/p>\n\n\n\n<p>La Profesional titular del Sitio web podr\u00e1 modificar en cualquier momento las condiciones aqu\u00ed determinadas, siendo debidamente publicadas como aqu\u00ed aparecen. La vigencia de las citadas condiciones ir\u00e1 en funci\u00f3n de su exposici\u00f3n y estar\u00e1n vigentes hasta que sean modificadas por otras debidamente publicadas.&nbsp;<\/p>\n\n\n\n<p><strong>12. LEGISLACI\u00d3N APLICABLE Y JURISDICCI\u00d3N&nbsp;<\/strong><\/p>\n\n\n\n<p>La relaci\u00f3n entre la Profesional titular del Sitio web y el USUARIO se regir\u00e1 por la normativa espa\u00f1ola vigente y cualquier controversia se someter\u00e1 a los Juzgados y Tribunales de la ciudad Ciutadella de Menorca, Islas Baleares.&nbsp;<\/p>\n\n\n\n<p>En caso de que el USUARIO tenga consideraci\u00f3n de consumidor, la anterior sumisi\u00f3n expresa no surtir\u00e1 efecto, de modo que la eventual controversia se someter\u00e1 a la jurisdicci\u00f3n y competencia de los Juzgado y Tribunales del domicilio del consumidor.&nbsp;<\/p>\n\n\n\n<p><strong>PARA CUALQUIER DUDA O ACLARACI\u00d3N, NO DUDE EN CONTRACTAR CON LA PROFESIONAL TITULAR DEL SITIO WEB<\/strong><\/p>\n\n\n\n<p>Fecha de \u00faltima actualizaci\u00f3n: Mayo de 2023.<br><\/p>","protected":false},"excerpt":{"rendered":"<p>1. DATOS IDENTIFICATIVOS TITULAR DEL SITIO WEB&nbsp; En cumplimiento con el deber de informaci\u00f3n recogido en art\u00edculo 10 de la Ley 34\/2002, de 11 de julio, de Servicios de la Sociedad de la Informaci\u00f3n y del Comercio Electr\u00f3nico (LSSI), a continuaci\u00f3n, se reflejan los siguientes datos identificativos.&nbsp; Titular del dominio web www.juliagelabert.com : Julia Gelabert [&hellip;]<\/p>","protected":false},"author":1,"featured_media":0,"parent":0,"menu_order":0,"comment_status":"closed","ping_status":"closed","template":"","meta":{"footnotes":""},"class_list":["post-97","page","type-page","status-publish","hentry"],"yoast_head":"<!-- This site is optimized with the Yoast SEO plugin v23.3 - https:\/\/yoast.com\/wordpress\/plugins\/seo\/ -->\n<title>AVISO LEGAL - Julia Gelabert<\/title>\n<meta name=\"robots\" content=\"index, follow, max-snippet:-1, max-image-preview:large, max-video-preview:-1\" \/>\n<link rel=\"canonical\" href=\"https:\/\/juliagelabert.com\/ca\/aviso-legal\/\" \/>\n<meta property=\"og:locale\" content=\"ca_ES\" \/>\n<meta property=\"og:type\" content=\"article\" \/>\n<meta property=\"og:title\" content=\"AVISO LEGAL - Julia Gelabert\" \/>\n<meta property=\"og:description\" content=\"1. DATOS IDENTIFICATIVOS TITULAR DEL SITIO WEB&nbsp; En cumplimiento con el deber de informaci\u00f3n recogido en art\u00edculo 10 de la Ley 34\/2002, de 11 de julio, de Servicios de la Sociedad de la Informaci\u00f3n y del Comercio Electr\u00f3nico (LSSI), a continuaci\u00f3n, se reflejan los siguientes datos identificativos.&nbsp; Titular del dominio web www.juliagelabert.com : Julia Gelabert [&hellip;]\" \/>\n<meta property=\"og:url\" content=\"https:\/\/juliagelabert.com\/ca\/aviso-legal\/\" \/>\n<meta property=\"og:site_name\" content=\"Julia Gelabert\" \/>\n<meta property=\"og:image\" content=\"https:\/\/juliagelabert.com\/wp-content\/uploads\/2021\/12\/cartell-1.jpg\" \/>\n\t<meta property=\"og:image:width\" content=\"964\" \/>\n\t<meta property=\"og:image:height\" content=\"964\" \/>\n\t<meta property=\"og:image:type\" content=\"image\/jpeg\" \/>\n<meta name=\"twitter:card\" content=\"summary_large_image\" \/>\n<meta name=\"twitter:label1\" content=\"Temps estimat de lectura\" \/>\n\t<meta name=\"twitter:data1\" content=\"7 minuts\" \/>\n<script type=\"application\/ld+json\" class=\"yoast-schema-graph\">{\"@context\":\"https:\/\/schema.org\",\"@graph\":[{\"@type\":\"WebPage\",\"@id\":\"https:\/\/juliagelabert.com\/aviso-legal\/\",\"url\":\"https:\/\/juliagelabert.com\/aviso-legal\/\",\"name\":\"AVISO LEGAL - Julia Gelabert\",\"isPartOf\":{\"@id\":\"https:\/\/juliagelabert.com\/#website\"},\"datePublished\":\"2023-05-26T07:40:05+00:00\",\"dateModified\":\"2023-05-26T07:40:05+00:00\",\"breadcrumb\":{\"@id\":\"https:\/\/juliagelabert.com\/aviso-legal\/#breadcrumb\"},\"inLanguage\":\"ca\",\"potentialAction\":[{\"@type\":\"ReadAction\",\"target\":[\"https:\/\/juliagelabert.com\/aviso-legal\/\"]}]},{\"@type\":\"BreadcrumbList\",\"@id\":\"https:\/\/juliagelabert.com\/aviso-legal\/#breadcrumb\",\"itemListElement\":[{\"@type\":\"ListItem\",\"position\":1,\"name\":\"Portada\",\"item\":\"https:\/\/juliagelabert.com\/\"},{\"@type\":\"ListItem\",\"position\":2,\"name\":\"AVISO LEGAL\"}]},{\"@type\":\"WebSite\",\"@id\":\"https:\/\/juliagelabert.com\/#website\",\"url\":\"https:\/\/juliagelabert.com\/\",\"name\":\"Julia Gelabert\",\"description\":\"Julia Gelabert | Salut i Nutrici\u00f3\",\"publisher\":{\"@id\":\"https:\/\/juliagelabert.com\/#organization\"},\"potentialAction\":[{\"@type\":\"SearchAction\",\"target\":{\"@type\":\"EntryPoint\",\"urlTemplate\":\"https:\/\/juliagelabert.com\/?s={search_term_string}\"},\"query-input\":\"required name=search_term_string\"}],\"inLanguage\":\"ca\"},{\"@type\":\"Organization\",\"@id\":\"https:\/\/juliagelabert.com\/#organization\",\"name\":\"J\u00falia Gelabert\",\"url\":\"https:\/\/juliagelabert.com\/\",\"logo\":{\"@type\":\"ImageObject\",\"inLanguage\":\"ca\",\"@id\":\"https:\/\/juliagelabert.com\/#\/schema\/logo\/image\/\",\"url\":\"https:\/\/juliagelabert.com\/wp-content\/uploads\/2021\/12\/cartell-1.jpg\",\"contentUrl\":\"https:\/\/juliagelabert.com\/wp-content\/uploads\/2021\/12\/cartell-1.jpg\",\"width\":964,\"height\":964,\"caption\":\"J\u00falia Gelabert\"},\"image\":{\"@id\":\"https:\/\/juliagelabert.com\/#\/schema\/logo\/image\/\"},\"sameAs\":[\"https:\/\/www.instagram.com\/julia.dietista\/\"]}]}<\/script>\n<!-- \/ Yoast SEO plugin. -->","yoast_head_json":{"title":"AVISO LEGAL - Julia Gelabert","robots":{"index":"index","follow":"follow","max-snippet":"max-snippet:-1","max-image-preview":"max-image-preview:large","max-video-preview":"max-video-preview:-1"},"canonical":"https:\/\/juliagelabert.com\/ca\/aviso-legal\/","og_locale":"ca_ES","og_type":"article","og_title":"AVISO LEGAL - Julia Gelabert","og_description":"1. DATOS IDENTIFICATIVOS TITULAR DEL SITIO WEB&nbsp; En cumplimiento con el deber de informaci\u00f3n recogido en art\u00edculo 10 de la Ley 34\/2002, de 11 de julio, de Servicios de la Sociedad de la Informaci\u00f3n y del Comercio Electr\u00f3nico (LSSI), a continuaci\u00f3n, se reflejan los siguientes datos identificativos.&nbsp; Titular del dominio web www.juliagelabert.com : Julia Gelabert [&hellip;]","og_url":"https:\/\/juliagelabert.com\/ca\/aviso-legal\/","og_site_name":"Julia Gelabert","og_image":[{"width":964,"height":964,"url":"https:\/\/juliagelabert.com\/wp-content\/uploads\/2021\/12\/cartell-1.jpg","type":"image\/jpeg"}],"twitter_card":"summary_large_image","twitter_misc":{"Temps estimat de lectura":"7 minuts"},"schema":{"@context":"https:\/\/schema.org","@graph":[{"@type":"WebPage","@id":"https:\/\/juliagelabert.com\/aviso-legal\/","url":"https:\/\/juliagelabert.com\/aviso-legal\/","name":"AVISO LEGAL - Julia Gelabert","isPartOf":{"@id":"https:\/\/juliagelabert.com\/#website"},"datePublished":"2023-05-26T07:40:05+00:00","dateModified":"2023-05-26T07:40:05+00:00","breadcrumb":{"@id":"https:\/\/juliagelabert.com\/aviso-legal\/#breadcrumb"},"inLanguage":"ca","potentialAction":[{"@type":"ReadAction","target":["https:\/\/juliagelabert.com\/aviso-legal\/"]}]},{"@type":"BreadcrumbList","@id":"https:\/\/juliagelabert.com\/aviso-legal\/#breadcrumb","itemListElement":[{"@type":"ListItem","position":1,"name":"Portada","item":"https:\/\/juliagelabert.com\/"},{"@type":"ListItem","position":2,"name":"AVISO LEGAL"}]},{"@type":"WebSite","@id":"https:\/\/juliagelabert.com\/#website","url":"https:\/\/juliagelabert.com\/","name":"Julia Gelabert","description":"Julia Gelabert | Salut i Nutrici\u00f3","publisher":{"@id":"https:\/\/juliagelabert.com\/#organization"},"potentialAction":[{"@type":"SearchAction","target":{"@type":"EntryPoint","urlTemplate":"https:\/\/juliagelabert.com\/?s={search_term_string}"},"query-input":"required name=search_term_string"}],"inLanguage":"ca"},{"@type":"Organization","@id":"https:\/\/juliagelabert.com\/#organization","name":"J\u00falia Gelabert","url":"https:\/\/juliagelabert.com\/","logo":{"@type":"ImageObject","inLanguage":"ca","@id":"https:\/\/juliagelabert.com\/#\/schema\/logo\/image\/","url":"https:\/\/juliagelabert.com\/wp-content\/uploads\/2021\/12\/cartell-1.jpg","contentUrl":"https:\/\/juliagelabert.com\/wp-content\/uploads\/2021\/12\/cartell-1.jpg","width":964,"height":964,"caption":"J\u00falia Gelabert"},"image":{"@id":"https:\/\/juliagelabert.com\/#\/schema\/logo\/image\/"},"sameAs":["https:\/\/www.instagram.com\/julia.dietista\/"]}]}},"_links":{"self":[{"href":"https:\/\/juliagelabert.com\/ca\/wp-json\/wp\/v2\/pages\/97"}],"collection":[{"href":"https:\/\/juliagelabert.com\/ca\/wp-json\/wp\/v2\/pages"}],"about":[{"href":"https:\/\/juliagelabert.com\/ca\/wp-json\/wp\/v2\/types\/page"}],"author":[{"embeddable":true,"href":"https:\/\/juliagelabert.com\/ca\/wp-json\/wp\/v2\/users\/1"}],"replies":[{"embeddable":true,"href":"https:\/\/juliagelabert.com\/ca\/wp-json\/wp\/v2\/comments?post=97"}],"version-history":[{"count":1,"href":"https:\/\/juliagelabert.com\/ca\/wp-json\/wp\/v2\/pages\/97\/revisions"}],"predecessor-version":[{"id":98,"href":"https:\/\/juliagelabert.com\/ca\/wp-json\/wp\/v2\/pages\/97\/revisions\/98"}],"wp:attachment":[{"href":"https:\/\/juliagelabert.com\/ca\/wp-json\/wp\/v2\/media?parent=97"}],"curies":[{"name":"wp","href":"https:\/\/api.w.org\/{rel}","templated":true}]}}