{"id":168,"date":"2024-09-03T15:40:53","date_gmt":"2024-09-03T15:40:53","guid":{"rendered":"https:\/\/juliagelabert.com\/?page_id=168"},"modified":"2024-09-03T15:40:54","modified_gmt":"2024-09-03T15:40:54","slug":"politica-de-cookies-2","status":"publish","type":"page","link":"https:\/\/juliagelabert.com\/ca\/politica-de-cookies-2\/","title":{"rendered":"Pol\u00edtica de Cookies"},"content":{"rendered":"<p>Data d'entrada en vigor: 03-Sep-2024<br>\u00daltima actualitzaci\u00f3: 03-Sep-2024<\/p>\n\n\n\n<h5 class=\"wp-block-heading\">Qu\u00e8 s\u00f3n les galetes?<\/h5>\n\n\n\n<p>Aquesta Pol\u00edtica de cookies explica qu\u00e8 s\u00f3n les galetes i com les fem servir, els tipus de galetes que fem servir, \u00e9s a dir, la informaci\u00f3 que recopilem mitjan\u00e7ant galetes i com s'usa aquesta informaci\u00f3, i com administrar la configuraci\u00f3 de les galetes.< \/p>\n\n\n\n<p>Les galetes s\u00f3n petits fitxers de text que s'utilitzen per emmagatzemar petits fragments d'informaci\u00f3. S'emmagatzemen al dispositiu quan es carrega el lloc web al navegador. Aquestes cookies ens ajuden a fer que el lloc web funcioni correctament, fer-ho m\u00e9s segur, oferir una millor experi\u00e8ncia d'usuari i comprendre com funciona el lloc web i analitzar qu\u00e8 funciona i on necessita millores.<\/p>\n\n\n\n<h5 class=\"wp-block-heading\">Com fem servir les galetes?<\/h5>\n\n\n\n<p>Com la majoria dels serveis en l\u00ednia, el nostre lloc web utilitza cookies pr\u00f2pies i de tercers per a diversos prop\u00f2sits. Les galetes s\u00f3n principalment necess\u00e0ries perqu\u00e8 el lloc web funcioni correctament i no recopilen cap dada personal identificable.<\/p>\n\n\n\n<p>Les galetes de tercers que s'utilitzen al nostre lloc web serveixen principalment per comprendre com funciona el lloc web, com interactua amb ell, mantenir els nostres serveis segurs, proporcionar anuncis que siguin rellevants per a vost\u00e8 i, en general, oferir-li una millor i millorada experi\u00e8ncia dusuari i ajudar a accelerar les seves futures interaccions amb el nostre lloc web.<\/p>\n\n\n\n<h5 class=\"wp-block-heading\">Tipus de galetes que utilitzem<\/h5>\n\n\n\n <div class=\"cky-audit-table-element\"><\/div>\n\n\n\n<h5 class=\"wp-block-heading\">Administrar prefer\u00e8ncies de cookies<\/h5>\n\n\n\n<p><a>Configuraci\u00f3 de cookies<\/a><\/p>\n\n\n\n<p>Podeu canviar les vostres prefer\u00e8ncies de cookies en qualsevol moment fent clic al bot\u00f3 de dalt. Aix\u00f2 us permetr\u00e0 tornar a visitar el banner de consentiment de cookies i canviar les vostres prefer\u00e8ncies o retirar el vostre consentiment immediatament.<\/p>\n\n\n\n<p>A m\u00e9s daix\u00f2, els diferents navegadors ofereixen diferents m\u00e8todes per bloquejar i eliminar les cookies utilitzades pels llocs web. Podeu canviar la configuraci\u00f3 del vostre navegador per bloquejar\/eliminar les cookies. A continuaci\u00f3 es mostren els enlla\u00e7os als documents de suport sobre com administrar i eliminar galetes dels principals navegadors web.<\/p>\n\n\n\n<p>Chrome: <a target=\"_blank\" href=\"https:\/\/support.google.com\/accounts\/answer\/32050\" rel=\"noreferrer noopener\">https:\/\/support.google.com\/accounts\/ answer\/32050<\/a><\/p>\n\n\n\n<p>Safari: <a target=\"_blank\" href=\"https:\/\/support.apple.com\/en-in\/guide\/safari\/sfri11471\/mac\" rel=\"noreferrer noopener\">https:\/\/support. apple.com\/en-in\/guide\/safari\/sfri11471\/mac<\/a><\/p>\n\n\n\n<p>Firefox: <a target=\"_blank\" href=\"https:\/\/support.mozilla.org\/ca-ES\/kb\/borrar-cookies-y-datos-de-sitios-firefox?redirectslug=eliminar-cookies -eliminar-informaci\u00f3-llocs-web-emmagatzemats&amp;redirectlocale=ca-ES\" rel=\"noreferrer noopener\">https:\/\/support.mozilla.org\/ca-ES\/kb\/borrar-cookies-y-datos-de- llocs-web-firefox?redirectslug=eliminar-cookies-eliminar-informaci\u00f3-llocs-web-emmagatzemats&amp;redirectlocale=ca-ES<\/a><\/p>\n\n\n\n<p>Internet Explorer: <a target=\"_blank\" href=\"https:\/\/support.microsoft.com\/es-es\/topic\/como-eliminar-archivos-de-cookies-en-internet-explorer-bca9446f- d873-78de-77ba-d42645fa52fc\" rel=\"noreferrer noopener\">https:\/\/support.microsoft.com\/es-es\/topic\/como-eliminar-archivos-de-cookies-en-internet-explorer-bca9446f-d873 -78de-77ba-d42645fa52fc<\/a><\/p>\n\n\n\n<p>Si utilitzeu un altre navegador web, visiteu els documents de suport oficials del vostre navegador.<\/p>\n\n\n\n<p>Pol\u00edtica de cookies generada per <a target=\"_blank\" href=\"https:\/\/www.cookieyes.com\/?utm_source=CP&amp;utm_medium=footer&amp;utm_campaign=UW\" rel=\"noreferrer noopener\">CookieYes - Generador de pol\u00edtiques de cookies<\/a>.<\/p>","protected":false},"excerpt":{"rendered":"<p>Data d'entrada en vigor: 03-Sep-2024\u00daltima actualitzaci\u00f3: 03-Sep-2024 Qu\u00e8 s\u00f3n les galetes? Aquesta Pol\u00edtica de cookies explica qu\u00e8 s\u00f3n les galetes i com les fem servir, els tipus de galetes que fem servir, \u00e9s a dir, la informaci\u00f3 que recopilem mitjan\u00e7ant galetes i com s'usa aquesta informaci\u00f3, i com administrar la configuraci\u00f3 de les galetes.< \/p> [&hellip;]<\/p>","protected":false},"author":1,"featured_media":0,"parent":0,"menu_order":0,"comment_status":"closed","ping_status":"closed","template":"","meta":{"footnotes":""},"class_list":["post-168","page","type-page","status-publish","hentry"],"yoast_head":"<!-- This site is optimized with the Yoast SEO plugin v23.3 - https:\/\/yoast.com\/wordpress\/plugins\/seo\/ -->\n<title>Pol\u00edtica de Cookies - Julia Gelabert<\/title>\n<meta name=\"robots\" content=\"index, follow, max-snippet:-1, max-image-preview:large, max-video-preview:-1\" \/>\n<link rel=\"canonical\" href=\"https:\/\/juliagelabert.com\/ca\/politica-de-cookies-2\/\" \/>\n<meta property=\"og:locale\" content=\"ca_ES\" \/>\n<meta property=\"og:type\" content=\"article\" \/>\n<meta property=\"og:title\" content=\"Pol\u00edtica de Cookies - Julia Gelabert\" \/>\n<meta property=\"og:description\" content=\"Data d&#039;entrada en vigor: 03-Sep-2024\u00daltima actualitzaci\u00f3: 03-Sep-2024 Qu\u00e8 s\u00f3n les galetes? Aquesta Pol\u00edtica de cookies explica qu\u00e8 s\u00f3n les galetes i com les fem servir, els tipus de galetes que fem servir, \u00e9s a dir, la informaci\u00f3 que recopilem mitjan\u00e7ant galetes i com s&#039;usa aquesta informaci\u00f3, i com administrar la configuraci\u00f3 de les galetes.&lt; \/p&gt; [&hellip;]\" \/>\n<meta property=\"og:url\" content=\"https:\/\/juliagelabert.com\/ca\/politica-de-cookies-2\/\" \/>\n<meta property=\"og:site_name\" content=\"Julia Gelabert\" \/>\n<meta property=\"article:modified_time\" content=\"2024-09-03T15:40:54+00:00\" \/>\n<meta property=\"og:image\" content=\"https:\/\/juliagelabert.com\/wp-content\/uploads\/2021\/12\/cartell-1.jpg\" \/>\n\t<meta property=\"og:image:width\" content=\"964\" \/>\n\t<meta property=\"og:image:height\" content=\"964\" \/>\n\t<meta property=\"og:image:type\" content=\"image\/jpeg\" \/>\n<meta name=\"twitter:card\" content=\"summary_large_image\" \/>\n<meta name=\"twitter:label1\" content=\"Temps estimat de lectura\" \/>\n\t<meta name=\"twitter:data1\" content=\"2 minuts\" \/>\n<script type=\"application\/ld+json\" class=\"yoast-schema-graph\">{\"@context\":\"https:\/\/schema.org\",\"@graph\":[{\"@type\":\"WebPage\",\"@id\":\"https:\/\/juliagelabert.com\/politica-de-cookies-2\/\",\"url\":\"https:\/\/juliagelabert.com\/politica-de-cookies-2\/\",\"name\":\"Pol\u00edtica de Cookies - Julia Gelabert\",\"isPartOf\":{\"@id\":\"https:\/\/juliagelabert.com\/#website\"},\"datePublished\":\"2024-09-03T15:40:53+00:00\",\"dateModified\":\"2024-09-03T15:40:54+00:00\",\"breadcrumb\":{\"@id\":\"https:\/\/juliagelabert.com\/politica-de-cookies-2\/#breadcrumb\"},\"inLanguage\":\"ca\",\"potentialAction\":[{\"@type\":\"ReadAction\",\"target\":[\"https:\/\/juliagelabert.com\/politica-de-cookies-2\/\"]}]},{\"@type\":\"BreadcrumbList\",\"@id\":\"https:\/\/juliagelabert.com\/politica-de-cookies-2\/#breadcrumb\",\"itemListElement\":[{\"@type\":\"ListItem\",\"position\":1,\"name\":\"Portada\",\"item\":\"https:\/\/juliagelabert.com\/\"},{\"@type\":\"ListItem\",\"position\":2,\"name\":\"Pol\u00edtica de Cookies\"}]},{\"@type\":\"WebSite\",\"@id\":\"https:\/\/juliagelabert.com\/#website\",\"url\":\"https:\/\/juliagelabert.com\/\",\"name\":\"Julia Gelabert\",\"description\":\"Julia Gelabert | Salut i Nutrici\u00f3\",\"publisher\":{\"@id\":\"https:\/\/juliagelabert.com\/#organization\"},\"potentialAction\":[{\"@type\":\"SearchAction\",\"target\":{\"@type\":\"EntryPoint\",\"urlTemplate\":\"https:\/\/juliagelabert.com\/?s={search_term_string}\"},\"query-input\":\"required name=search_term_string\"}],\"inLanguage\":\"ca\"},{\"@type\":\"Organization\",\"@id\":\"https:\/\/juliagelabert.com\/#organization\",\"name\":\"J\u00falia Gelabert\",\"url\":\"https:\/\/juliagelabert.com\/\",\"logo\":{\"@type\":\"ImageObject\",\"inLanguage\":\"ca\",\"@id\":\"https:\/\/juliagelabert.com\/#\/schema\/logo\/image\/\",\"url\":\"https:\/\/juliagelabert.com\/wp-content\/uploads\/2021\/12\/cartell-1.jpg\",\"contentUrl\":\"https:\/\/juliagelabert.com\/wp-content\/uploads\/2021\/12\/cartell-1.jpg\",\"width\":964,\"height\":964,\"caption\":\"J\u00falia Gelabert\"},\"image\":{\"@id\":\"https:\/\/juliagelabert.com\/#\/schema\/logo\/image\/\"},\"sameAs\":[\"https:\/\/www.instagram.com\/julia.dietista\/\"]}]}<\/script>\n<!-- \/ Yoast SEO plugin. -->","yoast_head_json":{"title":"Pol\u00edtica de Cookies - Julia Gelabert","robots":{"index":"index","follow":"follow","max-snippet":"max-snippet:-1","max-image-preview":"max-image-preview:large","max-video-preview":"max-video-preview:-1"},"canonical":"https:\/\/juliagelabert.com\/ca\/politica-de-cookies-2\/","og_locale":"ca_ES","og_type":"article","og_title":"Pol\u00edtica de Cookies - Julia Gelabert","og_description":"Data d'entrada en vigor: 03-Sep-2024\u00daltima actualitzaci\u00f3: 03-Sep-2024 Qu\u00e8 s\u00f3n les galetes? Aquesta Pol\u00edtica de cookies explica qu\u00e8 s\u00f3n les galetes i com les fem servir, els tipus de galetes que fem servir, \u00e9s a dir, la informaci\u00f3 que recopilem mitjan\u00e7ant galetes i com s'usa aquesta informaci\u00f3, i com administrar la configuraci\u00f3 de les galetes.< \/p> [&hellip;]","og_url":"https:\/\/juliagelabert.com\/ca\/politica-de-cookies-2\/","og_site_name":"Julia Gelabert","article_modified_time":"2024-09-03T15:40:54+00:00","og_image":[{"width":964,"height":964,"url":"https:\/\/juliagelabert.com\/wp-content\/uploads\/2021\/12\/cartell-1.jpg","type":"image\/jpeg"}],"twitter_card":"summary_large_image","twitter_misc":{"Temps estimat de lectura":"2 minuts"},"schema":{"@context":"https:\/\/schema.org","@graph":[{"@type":"WebPage","@id":"https:\/\/juliagelabert.com\/politica-de-cookies-2\/","url":"https:\/\/juliagelabert.com\/politica-de-cookies-2\/","name":"Pol\u00edtica de Cookies - Julia Gelabert","isPartOf":{"@id":"https:\/\/juliagelabert.com\/#website"},"datePublished":"2024-09-03T15:40:53+00:00","dateModified":"2024-09-03T15:40:54+00:00","breadcrumb":{"@id":"https:\/\/juliagelabert.com\/politica-de-cookies-2\/#breadcrumb"},"inLanguage":"ca","potentialAction":[{"@type":"ReadAction","target":["https:\/\/juliagelabert.com\/politica-de-cookies-2\/"]}]},{"@type":"BreadcrumbList","@id":"https:\/\/juliagelabert.com\/politica-de-cookies-2\/#breadcrumb","itemListElement":[{"@type":"ListItem","position":1,"name":"Portada","item":"https:\/\/juliagelabert.com\/"},{"@type":"ListItem","position":2,"name":"Pol\u00edtica de Cookies"}]},{"@type":"WebSite","@id":"https:\/\/juliagelabert.com\/#website","url":"https:\/\/juliagelabert.com\/","name":"Julia Gelabert","description":"Julia Gelabert | Salut i Nutrici\u00f3","publisher":{"@id":"https:\/\/juliagelabert.com\/#organization"},"potentialAction":[{"@type":"SearchAction","target":{"@type":"EntryPoint","urlTemplate":"https:\/\/juliagelabert.com\/?s={search_term_string}"},"query-input":"required name=search_term_string"}],"inLanguage":"ca"},{"@type":"Organization","@id":"https:\/\/juliagelabert.com\/#organization","name":"J\u00falia Gelabert","url":"https:\/\/juliagelabert.com\/","logo":{"@type":"ImageObject","inLanguage":"ca","@id":"https:\/\/juliagelabert.com\/#\/schema\/logo\/image\/","url":"https:\/\/juliagelabert.com\/wp-content\/uploads\/2021\/12\/cartell-1.jpg","contentUrl":"https:\/\/juliagelabert.com\/wp-content\/uploads\/2021\/12\/cartell-1.jpg","width":964,"height":964,"caption":"J\u00falia Gelabert"},"image":{"@id":"https:\/\/juliagelabert.com\/#\/schema\/logo\/image\/"},"sameAs":["https:\/\/www.instagram.com\/julia.dietista\/"]}]}},"_links":{"self":[{"href":"https:\/\/juliagelabert.com\/ca\/wp-json\/wp\/v2\/pages\/168"}],"collection":[{"href":"https:\/\/juliagelabert.com\/ca\/wp-json\/wp\/v2\/pages"}],"about":[{"href":"https:\/\/juliagelabert.com\/ca\/wp-json\/wp\/v2\/types\/page"}],"author":[{"embeddable":true,"href":"https:\/\/juliagelabert.com\/ca\/wp-json\/wp\/v2\/users\/1"}],"replies":[{"embeddable":true,"href":"https:\/\/juliagelabert.com\/ca\/wp-json\/wp\/v2\/comments?post=168"}],"version-history":[{"count":1,"href":"https:\/\/juliagelabert.com\/ca\/wp-json\/wp\/v2\/pages\/168\/revisions"}],"predecessor-version":[{"id":169,"href":"https:\/\/juliagelabert.com\/ca\/wp-json\/wp\/v2\/pages\/168\/revisions\/169"}],"wp:attachment":[{"href":"https:\/\/juliagelabert.com\/ca\/wp-json\/wp\/v2\/media?parent=168"}],"curies":[{"name":"wp","href":"https:\/\/api.w.org\/{rel}","templated":true}]}}