{"id":166,"date":"2024-09-03T15:33:35","date_gmt":"2024-09-03T15:33:35","guid":{"rendered":"https:\/\/juliagelabert.com\/?page_id=166"},"modified":"2024-09-03T15:41:10","modified_gmt":"2024-09-03T15:41:10","slug":"politica-de-cookies","status":"publish","type":"page","link":"https:\/\/juliagelabert.com\/ca\/politica-de-cookies\/","title":{"rendered":"Pol\u00edtica de cookies"},"content":{"rendered":"<p>Fecha de entrada en vigor: 03-Sep-2024<br>\u00daltima actualizaci\u00f3n: 03-Sep-2024<\/p>\n\n\n\n<h5 class=\"wp-block-heading\">\u00bfQu\u00e9 son las cookies?<\/h5>\n\n\n\n<p>Esta Pol\u00edtica de cookies explica qu\u00e9 son las cookies y c\u00f3mo las usamos, los tipos de cookies que usamos, es decir, la informaci\u00f3n que recopilamos mediante cookies y c\u00f3mo se usa esa informaci\u00f3n, y c\u00f3mo administrar la configuraci\u00f3n de las cookies.<\/p>\n\n\n\n<p>Las cookies son peque\u00f1os archivos de texto que se utilizan para almacenar peque\u00f1os fragmentos de informaci\u00f3n. Se almacenan en su dispositivo cuando se carga el sitio web en su navegador. Estas cookies nos ayudan a hacer que el sitio web funcione correctamente, hacerlo m\u00e1s seguro, brindar una mejor experiencia de usuario y comprender c\u00f3mo funciona el sitio web y analizar qu\u00e9 funciona y d\u00f3nde necesita mejoras.<\/p>\n\n\n\n<h5 class=\"wp-block-heading\">\u00bfC\u00f3mo usamos las cookies?<\/h5>\n\n\n\n<p>Como la mayor\u00eda de los servicios en l\u00ednea, nuestro sitio web utiliza cookies propias y de terceros para varios prop\u00f3sitos. Las cookies de origen son principalmente necesarias para que el sitio web funcione correctamente y no recopilan ning\u00fan dato personal identificable.<\/p>\n\n\n\n<p>Las cookies de terceros que se utilizan en nuestro sitio web sirven principalmente para comprender c\u00f3mo funciona el sitio web, c\u00f3mo interact\u00faa con \u00e9l, mantener nuestros servicios seguros, proporcionar anuncios que sean relevantes para usted y, en general, brindarle una mejor y mejorada experiencia de usuario y ayudar a acelerar sus futuras interacciones con nuestro sitio web.<\/p>\n\n\n\n<h5 class=\"wp-block-heading\">Tipos de cookies que utilizamos<\/h5>\n\n\n\n <div class=\"cky-audit-table-element\"><\/div>\n\n\n\n<h5 class=\"wp-block-heading\">Administrar preferencias de cookies<\/h5>\n\n\n\n<p><a>Configuraci\u00f3n de cookies<\/a><\/p>\n\n\n\n<p>Puede cambiar sus preferencias de cookies en cualquier momento haciendo clic en el bot\u00f3n de arriba. Esto le permitir\u00e1 volver a visitar el banner de consentimiento de cookies y cambiar sus preferencias o retirar su consentimiento de inmediato.<\/p>\n\n\n\n<p>Adem\u00e1s de esto, los diferentes navegadores ofrecen diferentes m\u00e9todos para bloquear y eliminar las cookies utilizadas por los sitios web. Puede cambiar la configuraci\u00f3n de su navegador para bloquear\/eliminar las cookies. A continuaci\u00f3n se muestran los enlaces a los documentos de soporte sobre c\u00f3mo administrar y eliminar cookies de los principales navegadores web.<\/p>\n\n\n\n<p>Chrome: <a target=\"_blank\" href=\"https:\/\/support.google.com\/accounts\/answer\/32050\" rel=\"noreferrer noopener\">https:\/\/support.google.com\/accounts\/answer\/32050<\/a><\/p>\n\n\n\n<p>Safari: <a target=\"_blank\" href=\"https:\/\/support.apple.com\/en-in\/guide\/safari\/sfri11471\/mac\" rel=\"noreferrer noopener\">https:\/\/support.apple.com\/en-in\/guide\/safari\/sfri11471\/mac<\/a><\/p>\n\n\n\n<p>Firefox: <a target=\"_blank\" href=\"https:\/\/support.mozilla.org\/es-ES\/kb\/borrar-cookies-y-datos-de-sitios-firefox?redirectslug=eliminar-cookies-eliminar-informaci\u00f3n-sitios-web-almacenados&amp;redirectlocale=es-ES\" rel=\"noreferrer noopener\">https:\/\/support.mozilla.org\/es-ES\/kb\/borrar-cookies-y-datos-de-sitios-web-firefox?redirectslug=eliminar-cookies-eliminar-informaci\u00f3n-sitios-web-almacenados&amp;redirectlocale=es-ES<\/a><\/p>\n\n\n\n<p>Internet Explorer: <a target=\"_blank\" href=\"https:\/\/support.microsoft.com\/es-es\/topic\/como-eliminar-archivos-de-cookies-en-internet-explorer-bca9446f-d873-78de-77ba-d42645fa52fc\" rel=\"noreferrer noopener\">https:\/\/support.microsoft.com\/es-es\/topic\/como-eliminar-archivos-de-cookies-en-internet-explorer-bca9446f-d873-78de-77ba-d42645fa52fc<\/a><\/p>\n\n\n\n<p>Si usa otro navegador web, visite los documentos de soporte oficiales de su navegador.<\/p>\n\n\n\n<p>Pol\u00edtica de cookies generada por <a target=\"_blank\" href=\"https:\/\/www.cookieyes.com\/?utm_source=CP&amp;utm_medium=footer&amp;utm_campaign=UW\" rel=\"noreferrer noopener\">CookieYes - Generador de pol\u00edticas de cookies<\/a>.<\/p>","protected":false},"excerpt":{"rendered":"<p>Fecha de entrada en vigor: 03-Sep-2024\u00daltima actualizaci\u00f3n: 03-Sep-2024 \u00bfQu\u00e9 son las cookies? Esta Pol\u00edtica de cookies explica qu\u00e9 son las cookies y c\u00f3mo las usamos, los tipos de cookies que usamos, es decir, la informaci\u00f3n que recopilamos mediante cookies y c\u00f3mo se usa esa informaci\u00f3n, y c\u00f3mo administrar la configuraci\u00f3n de las cookies. Las cookies [&hellip;]<\/p>","protected":false},"author":1,"featured_media":0,"parent":0,"menu_order":0,"comment_status":"closed","ping_status":"closed","template":"","meta":{"footnotes":""},"class_list":["post-166","page","type-page","status-publish","hentry"],"yoast_head":"<!-- This site is optimized with the Yoast SEO plugin v23.3 - https:\/\/yoast.com\/wordpress\/plugins\/seo\/ -->\n<title>Pol\u00edtica de cookies - Julia Gelabert<\/title>\n<meta name=\"robots\" content=\"index, follow, max-snippet:-1, max-image-preview:large, max-video-preview:-1\" \/>\n<link rel=\"canonical\" href=\"https:\/\/juliagelabert.com\/ca\/politica-de-cookies\/\" \/>\n<meta property=\"og:locale\" content=\"ca_ES\" \/>\n<meta property=\"og:type\" content=\"article\" \/>\n<meta property=\"og:title\" content=\"Pol\u00edtica de cookies - Julia Gelabert\" \/>\n<meta property=\"og:description\" content=\"Fecha de entrada en vigor: 03-Sep-2024\u00daltima actualizaci\u00f3n: 03-Sep-2024 \u00bfQu\u00e9 son las cookies? Esta Pol\u00edtica de cookies explica qu\u00e9 son las cookies y c\u00f3mo las usamos, los tipos de cookies que usamos, es decir, la informaci\u00f3n que recopilamos mediante cookies y c\u00f3mo se usa esa informaci\u00f3n, y c\u00f3mo administrar la configuraci\u00f3n de las cookies. Las cookies [&hellip;]\" \/>\n<meta property=\"og:url\" content=\"https:\/\/juliagelabert.com\/ca\/politica-de-cookies\/\" \/>\n<meta property=\"og:site_name\" content=\"Julia Gelabert\" \/>\n<meta property=\"article:modified_time\" content=\"2024-09-03T15:41:10+00:00\" \/>\n<meta property=\"og:image\" content=\"https:\/\/juliagelabert.com\/wp-content\/uploads\/2021\/12\/cartell-1.jpg\" \/>\n\t<meta property=\"og:image:width\" content=\"964\" \/>\n\t<meta property=\"og:image:height\" content=\"964\" \/>\n\t<meta property=\"og:image:type\" content=\"image\/jpeg\" \/>\n<meta name=\"twitter:card\" content=\"summary_large_image\" \/>\n<meta name=\"twitter:label1\" content=\"Temps estimat de lectura\" \/>\n\t<meta name=\"twitter:data1\" content=\"2 minuts\" \/>\n<script type=\"application\/ld+json\" class=\"yoast-schema-graph\">{\"@context\":\"https:\/\/schema.org\",\"@graph\":[{\"@type\":\"WebPage\",\"@id\":\"https:\/\/juliagelabert.com\/politica-de-cookies\/\",\"url\":\"https:\/\/juliagelabert.com\/politica-de-cookies\/\",\"name\":\"Pol\u00edtica de cookies - Julia Gelabert\",\"isPartOf\":{\"@id\":\"https:\/\/juliagelabert.com\/#website\"},\"datePublished\":\"2024-09-03T15:33:35+00:00\",\"dateModified\":\"2024-09-03T15:41:10+00:00\",\"breadcrumb\":{\"@id\":\"https:\/\/juliagelabert.com\/politica-de-cookies\/#breadcrumb\"},\"inLanguage\":\"ca\",\"potentialAction\":[{\"@type\":\"ReadAction\",\"target\":[\"https:\/\/juliagelabert.com\/politica-de-cookies\/\"]}]},{\"@type\":\"BreadcrumbList\",\"@id\":\"https:\/\/juliagelabert.com\/politica-de-cookies\/#breadcrumb\",\"itemListElement\":[{\"@type\":\"ListItem\",\"position\":1,\"name\":\"Portada\",\"item\":\"https:\/\/juliagelabert.com\/\"},{\"@type\":\"ListItem\",\"position\":2,\"name\":\"Pol\u00edtica de cookies\"}]},{\"@type\":\"WebSite\",\"@id\":\"https:\/\/juliagelabert.com\/#website\",\"url\":\"https:\/\/juliagelabert.com\/\",\"name\":\"Julia Gelabert\",\"description\":\"Julia Gelabert | Salut i Nutrici\u00f3\",\"publisher\":{\"@id\":\"https:\/\/juliagelabert.com\/#organization\"},\"potentialAction\":[{\"@type\":\"SearchAction\",\"target\":{\"@type\":\"EntryPoint\",\"urlTemplate\":\"https:\/\/juliagelabert.com\/?s={search_term_string}\"},\"query-input\":\"required name=search_term_string\"}],\"inLanguage\":\"ca\"},{\"@type\":\"Organization\",\"@id\":\"https:\/\/juliagelabert.com\/#organization\",\"name\":\"J\u00falia Gelabert\",\"url\":\"https:\/\/juliagelabert.com\/\",\"logo\":{\"@type\":\"ImageObject\",\"inLanguage\":\"ca\",\"@id\":\"https:\/\/juliagelabert.com\/#\/schema\/logo\/image\/\",\"url\":\"https:\/\/juliagelabert.com\/wp-content\/uploads\/2021\/12\/cartell-1.jpg\",\"contentUrl\":\"https:\/\/juliagelabert.com\/wp-content\/uploads\/2021\/12\/cartell-1.jpg\",\"width\":964,\"height\":964,\"caption\":\"J\u00falia Gelabert\"},\"image\":{\"@id\":\"https:\/\/juliagelabert.com\/#\/schema\/logo\/image\/\"},\"sameAs\":[\"https:\/\/www.instagram.com\/julia.dietista\/\"]}]}<\/script>\n<!-- \/ Yoast SEO plugin. -->","yoast_head_json":{"title":"Pol\u00edtica de cookies - Julia Gelabert","robots":{"index":"index","follow":"follow","max-snippet":"max-snippet:-1","max-image-preview":"max-image-preview:large","max-video-preview":"max-video-preview:-1"},"canonical":"https:\/\/juliagelabert.com\/ca\/politica-de-cookies\/","og_locale":"ca_ES","og_type":"article","og_title":"Pol\u00edtica de cookies - Julia Gelabert","og_description":"Fecha de entrada en vigor: 03-Sep-2024\u00daltima actualizaci\u00f3n: 03-Sep-2024 \u00bfQu\u00e9 son las cookies? Esta Pol\u00edtica de cookies explica qu\u00e9 son las cookies y c\u00f3mo las usamos, los tipos de cookies que usamos, es decir, la informaci\u00f3n que recopilamos mediante cookies y c\u00f3mo se usa esa informaci\u00f3n, y c\u00f3mo administrar la configuraci\u00f3n de las cookies. Las cookies [&hellip;]","og_url":"https:\/\/juliagelabert.com\/ca\/politica-de-cookies\/","og_site_name":"Julia Gelabert","article_modified_time":"2024-09-03T15:41:10+00:00","og_image":[{"width":964,"height":964,"url":"https:\/\/juliagelabert.com\/wp-content\/uploads\/2021\/12\/cartell-1.jpg","type":"image\/jpeg"}],"twitter_card":"summary_large_image","twitter_misc":{"Temps estimat de lectura":"2 minuts"},"schema":{"@context":"https:\/\/schema.org","@graph":[{"@type":"WebPage","@id":"https:\/\/juliagelabert.com\/politica-de-cookies\/","url":"https:\/\/juliagelabert.com\/politica-de-cookies\/","name":"Pol\u00edtica de cookies - Julia Gelabert","isPartOf":{"@id":"https:\/\/juliagelabert.com\/#website"},"datePublished":"2024-09-03T15:33:35+00:00","dateModified":"2024-09-03T15:41:10+00:00","breadcrumb":{"@id":"https:\/\/juliagelabert.com\/politica-de-cookies\/#breadcrumb"},"inLanguage":"ca","potentialAction":[{"@type":"ReadAction","target":["https:\/\/juliagelabert.com\/politica-de-cookies\/"]}]},{"@type":"BreadcrumbList","@id":"https:\/\/juliagelabert.com\/politica-de-cookies\/#breadcrumb","itemListElement":[{"@type":"ListItem","position":1,"name":"Portada","item":"https:\/\/juliagelabert.com\/"},{"@type":"ListItem","position":2,"name":"Pol\u00edtica de cookies"}]},{"@type":"WebSite","@id":"https:\/\/juliagelabert.com\/#website","url":"https:\/\/juliagelabert.com\/","name":"Julia Gelabert","description":"Julia Gelabert | Salut i Nutrici\u00f3","publisher":{"@id":"https:\/\/juliagelabert.com\/#organization"},"potentialAction":[{"@type":"SearchAction","target":{"@type":"EntryPoint","urlTemplate":"https:\/\/juliagelabert.com\/?s={search_term_string}"},"query-input":"required name=search_term_string"}],"inLanguage":"ca"},{"@type":"Organization","@id":"https:\/\/juliagelabert.com\/#organization","name":"J\u00falia Gelabert","url":"https:\/\/juliagelabert.com\/","logo":{"@type":"ImageObject","inLanguage":"ca","@id":"https:\/\/juliagelabert.com\/#\/schema\/logo\/image\/","url":"https:\/\/juliagelabert.com\/wp-content\/uploads\/2021\/12\/cartell-1.jpg","contentUrl":"https:\/\/juliagelabert.com\/wp-content\/uploads\/2021\/12\/cartell-1.jpg","width":964,"height":964,"caption":"J\u00falia Gelabert"},"image":{"@id":"https:\/\/juliagelabert.com\/#\/schema\/logo\/image\/"},"sameAs":["https:\/\/www.instagram.com\/julia.dietista\/"]}]}},"_links":{"self":[{"href":"https:\/\/juliagelabert.com\/ca\/wp-json\/wp\/v2\/pages\/166"}],"collection":[{"href":"https:\/\/juliagelabert.com\/ca\/wp-json\/wp\/v2\/pages"}],"about":[{"href":"https:\/\/juliagelabert.com\/ca\/wp-json\/wp\/v2\/types\/page"}],"author":[{"embeddable":true,"href":"https:\/\/juliagelabert.com\/ca\/wp-json\/wp\/v2\/users\/1"}],"replies":[{"embeddable":true,"href":"https:\/\/juliagelabert.com\/ca\/wp-json\/wp\/v2\/comments?post=166"}],"version-history":[{"count":2,"href":"https:\/\/juliagelabert.com\/ca\/wp-json\/wp\/v2\/pages\/166\/revisions"}],"predecessor-version":[{"id":170,"href":"https:\/\/juliagelabert.com\/ca\/wp-json\/wp\/v2\/pages\/166\/revisions\/170"}],"wp:attachment":[{"href":"https:\/\/juliagelabert.com\/ca\/wp-json\/wp\/v2\/media?parent=166"}],"curies":[{"name":"wp","href":"https:\/\/api.w.org\/{rel}","templated":true}]}}