{"id":160,"date":"2024-09-03T14:19:52","date_gmt":"2024-09-03T14:19:52","guid":{"rendered":"https:\/\/juliagelabert.com\/?page_id=160"},"modified":"2024-09-03T14:19:53","modified_gmt":"2024-09-03T14:19:53","slug":"politica-de-privacitat","status":"publish","type":"page","link":"https:\/\/juliagelabert.com\/ca\/politica-de-privacitat\/","title":{"rendered":"Pol\u00edtica de Privacitat"},"content":{"rendered":"<p>La simple visita a aquest lloc web no implica que l'usuari estigui obligat a facilitar les vostres dades personals. En cas que l'usuari realitzi alguna de les accions que impliquin un tractament de les seves dades personals, aquestes seran tractades de manera lleial, transparent i amb estricte respecte a les disposicions contingudes al Reglament (UE) 2016\/679, de 27 d'abril, General de Protecci\u00f3 de Dades (RGPD), la Llei Org\u00e0nica 3\/2018, de 5 de desembre, de Protecci\u00f3 de Dades Personals i garantia dels drets digitals (LOPDGDD) i la resta de normativa aplicable a cada moment a l'Espai Econ\u00f2mic Europeu.&nbsp; <\/p>\n\n\n\n<p>Aquesta Pol\u00edtica de Privadesa regula la recollida i el tractament de les dades personals que siguin proporcionades pels usuaris del lloc web, quan accedeixin, naveguin o facin \u00fas de les funcionalitats del mateix.&nbsp;<\/p>\n\n\n\n<p>En compliment del que disposa l'article 13 RGPD us informem:&nbsp;<\/p>\n\n\n\n<p><strong>1. DADES IDENTIFICATIVES DEL RESPONSABLE DEL TRACTAMENT&nbsp;<\/strong><\/p>\n\n\n\n<p><strong>Responsable del Tractament<\/strong>: J\u00falia Gelabert Pons, com a titular del present domini web, actuant com a Professional psicol\u00f2gica sanit\u00e0ria (d'ara endavant, la Professional titular del Lloc web).&nbsp;<\/p>\n\n\n\n<p><strong>Nombre de col\u00b7legiada: <\/strong>B-03545, pel Col\u00b7legi Oficial de Psicologia de les Illes Balears. <strong>Domicili a efecte de notificacions: <\/strong>C\/ Sud, n\u00fam.30. 07760 Ciutadella de Menorca. <strong>Correu electr\u00f2nic de contacte<\/strong>: salut@juliagelabert.com&nbsp;<\/p>\n\n\n\n<p><strong>2. FINALITATS DEL TRACTAMENT DE LES SEVES DADES PERSONALS&nbsp;<\/strong><\/p>\n\n\n\n<p><strong>1. Algun dubte? (contacte i consultes): <\/strong>tractarem les teves dades identificatives (nom i cognoms) i de contacte (correu electr\u00f2nic) a efectes de resoldre els dubtes, consultes o peticions d'informaci\u00f3 sobre els nostres serveis que puguin sorgir-li en navegar pel nostre lloc web. Aquestes dades seran recollides mitjan\u00e7ant formularis habilitats a aquest efecte en aquest Lloc web.<\/p>\n\n\n\n<p><strong>2. Canal Instagram: <\/strong>En aquest cas, si decideixes clicar a \u201cSegueix-me\u201d, i contactar o seguir al perfil de la Professional titular del lloc web, tractarem les teves dades de contacte i identificatives que ens puguis facilitar per tal via, aix\u00ed com les dades que apareguin al vostre perfil d'Instagram a efectes de contactar amb tu i resoldre les vostres consultes. Tingues en compte que la Professional titular del Lloc web tindr\u00e0 acc\u00e9s a aquestes informacions, cosa que no succeeix, per exemple, en cas de contacte telef\u00f2nic, correu electr\u00f2nic o \u00fas de formularis. En qualsevol cas, us assegurem que la finalitat del tractament ser\u00e0 la mateixa que en els altres acanals: atendre les vostres consultes.&nbsp;<\/p>\n\n\n\n<p><strong>3. LEGITIMACI\u00d3 DEL TRACTAMENT DE LES SEVES DADES&nbsp;<\/strong><\/p>\n\n\n\n<p><strong>1. Contacte i consultes: <\/strong>Quant a l'\u00fas de les teves dades per a contacte i consultes facilitades mitjan\u00e7ant el formulari habilitat, tractarem les teves dades en virtut de l'inter\u00e8s leg\u00edtim que t\u00e9 la Professional titular del Lloc web a donar-te un tracte atent i personalitzat, donant resposta a les peticions. D'aquesta manera, tractem les vostres dades d'acord amb el que preveu l'article 6.1 f) RGPD.&nbsp;<\/p>\n\n\n\n<p><strong>2. Canal Instagram: <\/strong>En aquest cas, tractarem les teves dades en virtut del que disposa l'article 6.1 a) RGPD, \u00e9s a dir, en virtut del teu consentiment.&nbsp;<\/p>\n\n\n\n<p><strong>4. DESTINATARIS DE LES TEVES DADES PERSONALS&nbsp;<\/strong><\/p>\n\n\n\n<p>Arran de les interaccions que realitzis als camps habilitats del Lloc web, mitjan\u00e7ant formularis de contacte i\/o contactes mitjan\u00e7ant canals habilitats, les teves dades podran ser comunicades als destinataris seg\u00fcents:&nbsp;<\/p>\n\n\n\n<p>- Institucions que presten serveis de recerca, descobriment i prevenci\u00f3 del frau, aix\u00ed com la minimitzaci\u00f3 del risc de la seva comissi\u00f3, sobre la base de l'inter\u00e8s leg\u00edtim reconegut per la normativa vigent, quan recaigui obligaci\u00f3 legal de comunicaci\u00f3 sobre la Professional titular del Lloc web.&nbsp;<\/p>\n\n\n\n<p>- A l'Oficina de consumidors i usuaris en cas que hi hagi alguna reclamaci\u00f3. - En els sup\u00f2sits legalment establerts, com \u00e9s el cas de les forces i cossos de seguretat, aix\u00ed com a les autoritats judicials quan aix\u00ed correspongui. - A les administracions p\u00fabliques a les quals h\u00e0gim de facilitar informaci\u00f3 amb motiu del compliment de les nostres obligacions legals.&nbsp;<\/p>\n\n\n\n<p>- Als prove\u00efdors de serveis web i canals de contacte habilitats al lloc web, els qui tenen la consideraci\u00f3 d'encarregats de tractament de la Professional titular del lloc web.&nbsp;<\/p>\n\n\n\n<p>En qualsevol cas, les dades a qu\u00e8 tinguin acc\u00e9s els tercers amb qu\u00e8 intermediem per prestar el nostre servei es realitzaran en estricte compliment del que disposa el RGPD LOPDGDD i la resta de normativa aplicable en cada moment.&nbsp;<\/p>\n\n\n\n<p>En cap cas les vostres dades seran transferides a empreses o organitzacions internacionals fora de l'Espai Econ\u00f2mic Europeu. En cas que aquest fet canvi\u00ef, us n'informarem actualitzant aquesta pol\u00edtica de privadesa i adoptant els mecanismes necessaris per legitimar aquests tractaments de les vostres dades.<\/p>\n\n\n\n<p>Merament a efectes informatius, recordeu que l'\u00fas d'Instagram implica una cessi\u00f3 de les vostres dades als Estats Units d'Am\u00e8rica, per trobar-s'hi ubicats els servidors de la Companyia prestadora del servei. Recordeu la Professional titular del Lloc web no far\u00e0 \u00fas del canal tret que vost\u00e8 aix\u00ed ho desitgi.&nbsp;<\/p>\n\n\n\n<p>La Professional titular del Lloc web assumeix el seu comprom\u00eds a assegurar la confidencialitat de les dades aportades i garanteix que, en cap cas, seran cedides per a cap altre \u00fas a part dels descrits sense mediar consentiment previ i expr\u00e9s dels nostres clients. Nom\u00e9s us demanarem aquelles dades necess\u00e0ries per a la prestaci\u00f3 del servei requerit i \u00fanicament seran utilitzades per a tal fi.&nbsp;<\/p>\n\n\n\n<p><strong>5. CONSERVACI\u00d3 DE LES DADES&nbsp;<\/strong><\/p>\n\n\n\n<p>Les vostres dades seran conservades en funci\u00f3 de la finalitat per a la qual van ser recollides i tractades:&nbsp;<\/p>\n\n\n\n<p>- <strong>Contacte i consultes (algun dubte? o \u201cSegueix-me\u201d): <\/strong>En aquest sentit, conservarem les teves dades fins a la resoluci\u00f3 efectiva de la consulta o requeriment d'informaci\u00f3. Posteriorment, aquests es conservaran durant el termini prudencial d'un any, llevat que hi hagi altres terminis legalment aplicables.&nbsp;<\/p>\n\n\n\n<p><strong>6. DRETS DELS INTERESSATS&nbsp;<\/strong><\/p>\n\n\n\n<p>En compliment de la normativa vigent, l'interessat t\u00e9 dret a:&nbsp;<\/p>\n\n\n\n<p>&#x2714; Podeu sol\u00b7licitar informaci\u00f3 sobre les dades de car\u00e0cter personal emmagatzemades que us concerneixin (acc\u00e9s).&nbsp;<\/p>\n\n\n\n<p>&#x2714; Podr\u00e0s sol\u00b7licitar que es corregeixi la inexactitud de les dades personals. (rectificaci\u00f3) &#x2714; Podr\u00e0s sol\u00b7licitar l'eliminaci\u00f3 o limitaci\u00f3 del tractament de les dades personals (supressi\u00f3 i limitaci\u00f3).&nbsp;<\/p>\n\n\n\n<p>&#x2714; Tamb\u00e9 podreu sol\u00b7licitar que se us posin a disposici\u00f3 les vostres dades personals en un format estructurat, corrent i de lectura mec\u00e0nica (portabilitat), aix\u00ed com a no ser objecte de decisions automatitzades.&nbsp;<\/p>\n\n\n\n<p>Per a l'exercici de tots els vostres drets podeu enviar-nos comunicaci\u00f3 escrita, adjuntant el vostre document nacional d'identitat o document equivalent acreditatiu de la vostra identitat a la seg\u00fcent adre\u00e7a salut@juliagelabert.com . Tamb\u00e9, mitjan\u00e7ant comunicaci\u00f3 postal a l'adre\u00e7a postal indicada a la secci\u00f3 1 de la present pol\u00edtica.&nbsp;<\/p>\n\n\n\n<p>En cas que considereu que d'alguna manera hem desat\u00e8s o vulnerat els vostres drets, us informem que teniu dret a presentar una reclamaci\u00f3 davant l'autoritat de control competent, com l'Ag\u00e8ncia Espanyola de Protecci\u00f3 de Dades (https:\/\/www. aepd.es\/ca ).&nbsp;<\/p>\n\n\n\n<p><strong>7. CONFIDENCIALITAT I SECRET PROFESSIONAL&nbsp;<\/strong><\/p>\n\n\n\n<p>Les dades recollides en totes les comunicacions privades entre la Professional titular del Lloc web i els usuaris seran tractades amb absoluta confidencialitat, comprometent-se la Professional a l'obligaci\u00f3 de secret de les dades de car\u00e0cter personal, al seu deure de guardar-les i adoptar-les totes les mesures necess\u00e0ries que evitin la seva alteraci\u00f3, p\u00e8rdua i tractament o acc\u00e9s no autoritzat, d'acord amb all\u00f2 establert a la normativa de protecci\u00f3 de dades aplicable.&nbsp;<\/p>\n\n\n\n<p>A m\u00e9s, tamb\u00e9 tindr\u00e0 la condici\u00f3 de confidencial la informaci\u00f3 de qualsevol tipo que les parts intercanvi\u00efn entre si, aquella que aquestes acordin que t\u00e9 aquesta naturalesa, o la que<\/p>\n\n\n\n<p>simplement veure's sobre el contingut d'aquesta informaci\u00f3. La visualitzaci\u00f3 de dades a trav\u00e9s d'Internet no suposar\u00e0 l'acc\u00e9s directe a aquestes dades, llevat del consentiment expr\u00e9s del titular per a cada ocasi\u00f3.&nbsp;<\/p>\n\n\n\n<p><strong>8. MESURES DE SEGURETAT&nbsp;<\/strong><\/p>\n\n\n\n<p>La Professional titular del Lloc web adopta els nivells de seguretat de la informaci\u00f3 requerits per l'article 32 RGPD adequats a la naturalesa de les dades que s\u00f3n objecte de tractament a cada moment. No obstant aix\u00f2, la seguretat t\u00e8cnica en un mitj\u00e0 com a Internet no \u00e9s inexpugnable i poden existir actuacions doloses de tercers, si b\u00e9 la Professional titular del Lloc web posa tots els mitjans al seu abast per evitar aquestes actuacions.&nbsp;<\/p>\n\n\n\n<p>Si detecta o sospita alguna vulnerabilitat t\u00e8cnica que afecta aquest Siti web, envieu un correu electr\u00f2nic a salut@juliagelabert.com o les altres dades de contacte facilitades en aquest lloc web.&nbsp;<\/p>\n\n\n\n<p><strong>9. CANVIS A LA PRESENT POL\u00cdTICA DE PRIVACITAT&nbsp;<\/strong><\/p>\n\n\n\n<p>La Professional titular del lloc web es reserva el dret a modificar la present pol\u00edtica a fi d'adaptar-la a les novetats legislatives o jurisprudencials, aix\u00ed com les que poguessin derivar-se de codis tipus existents en la mat\u00e8ria, amb efectes de la data de publicaci\u00f3 d'aquesta modificaci\u00f3 al lloc web.&nbsp;<\/p>\n\n\n\n<p><strong>PER QUALSEVOL DUBTE O ACLARACI\u00d3, NO DUBTI EN CONTRATAR AMB LA PROFESSIONAL TITULAR DEL LLOC WEB&nbsp;<\/strong><\/p>\n\n\n\n<p>Data d'\u00faltima actualitzaci\u00f3: Maig de 2023.<br><\/p>","protected":false},"excerpt":{"rendered":"<p>La simple visita a aquest lloc web no implica que l'usuari estigui obligat a facilitar les vostres dades personals. En cas que l'usuari realitzi alguna de les accions que impliquin un tractament de les seves dades personals, aquestes seran tractades de manera lleial, transparent i amb estricte respecte a les disposicions contingudes al Reglament (UE) [&hellip;]<\/p>","protected":false},"author":1,"featured_media":0,"parent":0,"menu_order":0,"comment_status":"closed","ping_status":"closed","template":"","meta":{"footnotes":""},"class_list":["post-160","page","type-page","status-publish","hentry"],"yoast_head":"<!-- This site is optimized with the Yoast SEO plugin v23.3 - https:\/\/yoast.com\/wordpress\/plugins\/seo\/ -->\n<title>Pol\u00edtica de Privacitat - Julia Gelabert<\/title>\n<meta name=\"robots\" content=\"index, follow, max-snippet:-1, max-image-preview:large, max-video-preview:-1\" \/>\n<link rel=\"canonical\" href=\"https:\/\/juliagelabert.com\/ca\/politica-de-privacitat\/\" \/>\n<meta property=\"og:locale\" content=\"ca_ES\" \/>\n<meta property=\"og:type\" content=\"article\" \/>\n<meta property=\"og:title\" content=\"Pol\u00edtica de Privacitat - Julia Gelabert\" \/>\n<meta property=\"og:description\" content=\"La simple visita a aquest lloc web no implica que l&#039;usuari estigui obligat a facilitar les vostres dades personals. En cas que l&#039;usuari realitzi alguna de les accions que impliquin un tractament de les seves dades personals, aquestes seran tractades de manera lleial, transparent i amb estricte respecte a les disposicions contingudes al Reglament (UE) [&hellip;]\" \/>\n<meta property=\"og:url\" content=\"https:\/\/juliagelabert.com\/ca\/politica-de-privacitat\/\" \/>\n<meta property=\"og:site_name\" content=\"Julia Gelabert\" \/>\n<meta property=\"article:modified_time\" content=\"2024-09-03T14:19:53+00:00\" \/>\n<meta property=\"og:image\" content=\"https:\/\/juliagelabert.com\/wp-content\/uploads\/2021\/12\/cartell-1.jpg\" \/>\n\t<meta property=\"og:image:width\" content=\"964\" \/>\n\t<meta property=\"og:image:height\" content=\"964\" \/>\n\t<meta property=\"og:image:type\" content=\"image\/jpeg\" \/>\n<meta name=\"twitter:card\" content=\"summary_large_image\" \/>\n<meta name=\"twitter:label1\" content=\"Temps estimat de lectura\" \/>\n\t<meta name=\"twitter:data1\" content=\"7 minuts\" \/>\n<script type=\"application\/ld+json\" class=\"yoast-schema-graph\">{\"@context\":\"https:\/\/schema.org\",\"@graph\":[{\"@type\":\"WebPage\",\"@id\":\"https:\/\/juliagelabert.com\/politica-de-privacitat\/\",\"url\":\"https:\/\/juliagelabert.com\/politica-de-privacitat\/\",\"name\":\"Pol\u00edtica de Privacitat - Julia Gelabert\",\"isPartOf\":{\"@id\":\"https:\/\/juliagelabert.com\/#website\"},\"datePublished\":\"2024-09-03T14:19:52+00:00\",\"dateModified\":\"2024-09-03T14:19:53+00:00\",\"breadcrumb\":{\"@id\":\"https:\/\/juliagelabert.com\/politica-de-privacitat\/#breadcrumb\"},\"inLanguage\":\"ca\",\"potentialAction\":[{\"@type\":\"ReadAction\",\"target\":[\"https:\/\/juliagelabert.com\/politica-de-privacitat\/\"]}]},{\"@type\":\"BreadcrumbList\",\"@id\":\"https:\/\/juliagelabert.com\/politica-de-privacitat\/#breadcrumb\",\"itemListElement\":[{\"@type\":\"ListItem\",\"position\":1,\"name\":\"Portada\",\"item\":\"https:\/\/juliagelabert.com\/\"},{\"@type\":\"ListItem\",\"position\":2,\"name\":\"Pol\u00edtica de Privacitat\"}]},{\"@type\":\"WebSite\",\"@id\":\"https:\/\/juliagelabert.com\/#website\",\"url\":\"https:\/\/juliagelabert.com\/\",\"name\":\"Julia Gelabert\",\"description\":\"Julia Gelabert | Salut i Nutrici\u00f3\",\"publisher\":{\"@id\":\"https:\/\/juliagelabert.com\/#organization\"},\"potentialAction\":[{\"@type\":\"SearchAction\",\"target\":{\"@type\":\"EntryPoint\",\"urlTemplate\":\"https:\/\/juliagelabert.com\/?s={search_term_string}\"},\"query-input\":\"required name=search_term_string\"}],\"inLanguage\":\"ca\"},{\"@type\":\"Organization\",\"@id\":\"https:\/\/juliagelabert.com\/#organization\",\"name\":\"J\u00falia Gelabert\",\"url\":\"https:\/\/juliagelabert.com\/\",\"logo\":{\"@type\":\"ImageObject\",\"inLanguage\":\"ca\",\"@id\":\"https:\/\/juliagelabert.com\/#\/schema\/logo\/image\/\",\"url\":\"https:\/\/juliagelabert.com\/wp-content\/uploads\/2021\/12\/cartell-1.jpg\",\"contentUrl\":\"https:\/\/juliagelabert.com\/wp-content\/uploads\/2021\/12\/cartell-1.jpg\",\"width\":964,\"height\":964,\"caption\":\"J\u00falia Gelabert\"},\"image\":{\"@id\":\"https:\/\/juliagelabert.com\/#\/schema\/logo\/image\/\"},\"sameAs\":[\"https:\/\/www.instagram.com\/julia.dietista\/\"]}]}<\/script>\n<!-- \/ Yoast SEO plugin. -->","yoast_head_json":{"title":"Pol\u00edtica de Privacitat - Julia Gelabert","robots":{"index":"index","follow":"follow","max-snippet":"max-snippet:-1","max-image-preview":"max-image-preview:large","max-video-preview":"max-video-preview:-1"},"canonical":"https:\/\/juliagelabert.com\/ca\/politica-de-privacitat\/","og_locale":"ca_ES","og_type":"article","og_title":"Pol\u00edtica de Privacitat - Julia Gelabert","og_description":"La simple visita a aquest lloc web no implica que l'usuari estigui obligat a facilitar les vostres dades personals. En cas que l'usuari realitzi alguna de les accions que impliquin un tractament de les seves dades personals, aquestes seran tractades de manera lleial, transparent i amb estricte respecte a les disposicions contingudes al Reglament (UE) [&hellip;]","og_url":"https:\/\/juliagelabert.com\/ca\/politica-de-privacitat\/","og_site_name":"Julia Gelabert","article_modified_time":"2024-09-03T14:19:53+00:00","og_image":[{"width":964,"height":964,"url":"https:\/\/juliagelabert.com\/wp-content\/uploads\/2021\/12\/cartell-1.jpg","type":"image\/jpeg"}],"twitter_card":"summary_large_image","twitter_misc":{"Temps estimat de lectura":"7 minuts"},"schema":{"@context":"https:\/\/schema.org","@graph":[{"@type":"WebPage","@id":"https:\/\/juliagelabert.com\/politica-de-privacitat\/","url":"https:\/\/juliagelabert.com\/politica-de-privacitat\/","name":"Pol\u00edtica de Privacitat - Julia Gelabert","isPartOf":{"@id":"https:\/\/juliagelabert.com\/#website"},"datePublished":"2024-09-03T14:19:52+00:00","dateModified":"2024-09-03T14:19:53+00:00","breadcrumb":{"@id":"https:\/\/juliagelabert.com\/politica-de-privacitat\/#breadcrumb"},"inLanguage":"ca","potentialAction":[{"@type":"ReadAction","target":["https:\/\/juliagelabert.com\/politica-de-privacitat\/"]}]},{"@type":"BreadcrumbList","@id":"https:\/\/juliagelabert.com\/politica-de-privacitat\/#breadcrumb","itemListElement":[{"@type":"ListItem","position":1,"name":"Portada","item":"https:\/\/juliagelabert.com\/"},{"@type":"ListItem","position":2,"name":"Pol\u00edtica de Privacitat"}]},{"@type":"WebSite","@id":"https:\/\/juliagelabert.com\/#website","url":"https:\/\/juliagelabert.com\/","name":"Julia Gelabert","description":"Julia Gelabert | Salut i Nutrici\u00f3","publisher":{"@id":"https:\/\/juliagelabert.com\/#organization"},"potentialAction":[{"@type":"SearchAction","target":{"@type":"EntryPoint","urlTemplate":"https:\/\/juliagelabert.com\/?s={search_term_string}"},"query-input":"required name=search_term_string"}],"inLanguage":"ca"},{"@type":"Organization","@id":"https:\/\/juliagelabert.com\/#organization","name":"J\u00falia Gelabert","url":"https:\/\/juliagelabert.com\/","logo":{"@type":"ImageObject","inLanguage":"ca","@id":"https:\/\/juliagelabert.com\/#\/schema\/logo\/image\/","url":"https:\/\/juliagelabert.com\/wp-content\/uploads\/2021\/12\/cartell-1.jpg","contentUrl":"https:\/\/juliagelabert.com\/wp-content\/uploads\/2021\/12\/cartell-1.jpg","width":964,"height":964,"caption":"J\u00falia Gelabert"},"image":{"@id":"https:\/\/juliagelabert.com\/#\/schema\/logo\/image\/"},"sameAs":["https:\/\/www.instagram.com\/julia.dietista\/"]}]}},"_links":{"self":[{"href":"https:\/\/juliagelabert.com\/ca\/wp-json\/wp\/v2\/pages\/160"}],"collection":[{"href":"https:\/\/juliagelabert.com\/ca\/wp-json\/wp\/v2\/pages"}],"about":[{"href":"https:\/\/juliagelabert.com\/ca\/wp-json\/wp\/v2\/types\/page"}],"author":[{"embeddable":true,"href":"https:\/\/juliagelabert.com\/ca\/wp-json\/wp\/v2\/users\/1"}],"replies":[{"embeddable":true,"href":"https:\/\/juliagelabert.com\/ca\/wp-json\/wp\/v2\/comments?post=160"}],"version-history":[{"count":1,"href":"https:\/\/juliagelabert.com\/ca\/wp-json\/wp\/v2\/pages\/160\/revisions"}],"predecessor-version":[{"id":161,"href":"https:\/\/juliagelabert.com\/ca\/wp-json\/wp\/v2\/pages\/160\/revisions\/161"}],"wp:attachment":[{"href":"https:\/\/juliagelabert.com\/ca\/wp-json\/wp\/v2\/media?parent=160"}],"curies":[{"name":"wp","href":"https:\/\/api.w.org\/{rel}","templated":true}]}}