{"id":158,"date":"2024-09-03T14:17:13","date_gmt":"2024-09-03T14:17:13","guid":{"rendered":"https:\/\/juliagelabert.com\/?page_id=158"},"modified":"2024-09-03T14:17:14","modified_gmt":"2024-09-03T14:17:14","slug":"avis-legal","status":"publish","type":"page","link":"https:\/\/juliagelabert.com\/ca\/avis-legal\/","title":{"rendered":"Av\u00eds legal"},"content":{"rendered":"<p>1. <strong>DADES IDENTIFICATIVES TITULAR DEL LLOC WEB&nbsp;<\/strong><\/p>\n\n\n\n<p>En compliment amb el deure informaci\u00f3 recollit a l'article 10 de la Llei 34\/2002, d'11 de juliol, de Serveis de la Societat de la Informaci\u00f3 i del Comer\u00e7 Electr\u00f2nic (LSSI), a continuaci\u00f3, es reflecteixen les dades seg\u00fcents identificatius.&nbsp;<\/p>\n\n\n\n<p><strong>Titular del domini web <\/strong>www.juliagelabert.com : Julia Gelabert Pons, Psic\u00f2loga col\u00b7legiada pel Col\u00b7legi Oficial de Psicologia de les Illes Balears, amb n\u00famero de col\u00b7legiada B-03545 actua com a titular del present domini web (el Lloc web, d'ara endavant).&nbsp;<\/p>\n\n\n\n<p><strong>Domicili a efecte de notificacions<\/strong>: C\/ Sud, n\u00fam. 30. 07760 Ciutadella de Menorca. <strong>Correu electr\u00f2nic de contacte del titular del lloc web<\/strong>: salut@juliagelabert.com&nbsp;<\/p>\n\n\n\n<p><strong>2. USUARIS&nbsp;<\/strong><\/p>\n\n\n\n<p>L'acc\u00e9s i\/o \u00fas del present Lloc web us atribueix la condici\u00f3 d'USUARI, que accepta, des d'aquest acc\u00e9s i\/o \u00fas, les Condicions Generals d'\u00das aqu\u00ed reflectides. Les Condicions esmentades seran aplicables independentment de les Condicions Generals de Contractaci\u00f3 que si escau resultin de compliment obligat.&nbsp;<\/p>\n\n\n\n<p><strong>3. \u00daS DEL PORTAL I ACC\u00c9S ALS SERVEIS&nbsp;<\/strong><\/p>\n\n\n\n<p>Aquest portal proporciona l'acc\u00e9s a diverses informacions i descripcions de serveis oferts per la professional Julia Gelabert a Internet pertanyents a l'activitat professional desenvolupada per la titular del Lloc web. La titular del Lloc web, facilita acc\u00e9s a l'USUARI a aquests continguts i, l'USUARI, assumeix la responsabilitat del correcte \u00fas del portal i dels seus continguts.&nbsp;<\/p>\n\n\n\n<p>El present portal web no \u00e9s de car\u00e0cter transaccional, \u00e9s a dir, des del mateix no \u00e9s possible realitzar la contractaci\u00f3 dels serveis professionals oferts.&nbsp;<\/p>\n\n\n\n<p>A aquest efecte, en cas que l'USUARI decideixi contractar els serveis professionals oferts per la Professional titular del Lloc web haur\u00e0 de contactar via dades de contacte habilitats o b\u00e9 via formulari web per accedir als serveis professionals oferts.&nbsp;<\/p>\n\n\n\n<p>Els serveis professionals prestats la Professional titular del Lloc web es descriuen succintament en aquest Lloc web sota els apartats seg\u00fcents:&nbsp;<\/p>\n\n\n\n<p>\u25cf Sessions individuals.&nbsp;<\/p>\n\n\n\n<p>\u25cf Pla familiar.&nbsp;<\/p>\n\n\n\n<p>\u25cf Tallers de cuina.&nbsp;<\/p>\n\n\n\n<p>\u25cf Planificaci\u00f3 de c\u00e0terings per a empreses i esdeveniments.&nbsp;<\/p>\n\n\n\n<p>No obstant, la contractaci\u00f3 dels mateixos no s'executar\u00e0 mentre l'USUARI no contacti amb la Professional titular del Lloc web i les parts aix\u00ed ho convinguin.&nbsp;<\/p>\n\n\n\n<p>La relaci\u00f3 contractual que pugui sorgir entre l'USUARI i la Professional titular del Lloc web es regir\u00e0 per l'oferta de serveis professionals facilitada per aquesta a l'USUARI, despr\u00e9s de l'oportuna acceptaci\u00f3 per part de l'USUARI de la dita. Amb car\u00e0cter general, arribat el<\/p>\n\n\n\n<p>moment, d'acord amb l'oferta de serveis professionals ja acceptada, l'USUARI s'obliga a l'abonament dels honoraris de la Professional titular del Lloc web en les condicions pactades a la referida oferta vinculant. Tots els pagaments s'abonaran mitjan\u00e7ant la modalitat de pagament acordada entre la Professional titular del Lloc web i l'USUARI.&nbsp;<\/p>\n\n\n\n<p><strong>4. PROTECCI\u00d3 DE DADES&nbsp;<\/strong><\/p>\n\n\n\n<p>La Professional titular del Lloc web, compleix amb les directrius del Reglament (UE) 2016\/679 del Parlament i del Consell de 27 d'abril de 2016 relatiu a la protecci\u00f3 de les persones f\u00edsiques, aix\u00ed com amb el que disposa la Llei Org\u00e0nica 3\/2018, de 5 de desembre, de protecci\u00f3 de dades personals i garantia dels drets digitals. \u00c9s a dir, es vetlla per garantir un correcte \u00fas i tractament de les dades personals de l'usuari.&nbsp;<\/p>\n\n\n\n<p>Per a m\u00e9s informaci\u00f3, aneu a la nostra Pol\u00edtica de Privadesa.&nbsp;<\/p>\n\n\n\n<p>Aix\u00ed mateix, la Professional titular del Lloc web us informa que d\u00f3na compliment a la Llei 34\/2002 d'11 de juliol, de Serveis de la Societat de la Informaci\u00f3 i el Comer\u00e7 Electr\u00f2nic i us sol\u00b7licitar\u00e0 el vostre consentiment per a l'eventual \u00fas del vostre correu electr\u00f2nic amb fins comercials en cada moment.&nbsp;<\/p>\n\n\n\n<p><strong>5. PROPIETAT INTEL\u00b7LECTUAL I INDUSTRIAL&nbsp;<\/strong><\/p>\n\n\n\n<p>La Professional titular del Lloc web, per si o com a cessionari, \u00e9s titular de tots els drets de propietat intel\u00b7lectual i industrial de la seva p\u00e0gina web, aix\u00ed com dels elements continguts en aquesta (a t\u00edtol enunciatiu, imatges, so, \u00e0udio, v\u00eddeo, programari o textos; marques o logotips, combinacions de colors, estructura i disseny, selecci\u00f3 de materials usats, programes d'ordinador necessaris per al seu funcionament, acc\u00e9s i \u00fas, etc.). Tots els drets reservats.&nbsp;<\/p>\n\n\n\n<p>D'acord amb aix\u00f2, queden expressament prohibides la reproducci\u00f3, la distribuci\u00f3 i la comunicaci\u00f3 p\u00fablica, inclosa la seva modalitat de posada a disposici\u00f3, de la totalitat o part dels continguts d'aquesta p\u00e0gina web, amb finalitats comercials, en qualsevol suport i per qualsevol mitj\u00e0 t\u00e8cnic, sense lautoritzaci\u00f3 pr\u00e8via i escrita de la Professional titular del Lloc web.&nbsp;<\/p>\n\n\n\n<p>L'USUARI es compromet a respectar els drets de Propietat Intel\u00b7lectual titularitat de la Professional Titular del Lloc web. L'USUARI podr\u00e0 visualitzar els elements del portal i fins i tot imprimir-los, copiar-los i emmagatzemar-los al dispositiu oa qualsevol altre suport f\u00edsic sempre que sigui, \u00fanica i exclusivament, per al seu \u00fas personal i privat. L'USUARI haur\u00e0 d'abstenir-se de suprimir, alterar, eludir o manipular qualsevol dispositiu de protecci\u00f3 o sistema de seguretat que estigu\u00e9s instal\u00b7lat a la present p\u00e0gina web.&nbsp;<\/p>\n\n\n\n<p><strong>6. EXCLUSI\u00d3 DE GARANTIES I RESPONSABILITAT&nbsp;<\/strong><\/p>\n\n\n\n<p>La Professional titular del Lloc web no es fa responsable, en cap cas, dels danys i perjudicis de qualsevol naturalesa que poguessin ocasionar, a t\u00edtol enunciatiu: errors o omissions en els continguts, manca de disponibilitat del portal o la transmissi\u00f3 de virus o programes maliciosos o lesius en els continguts, tot i haver adoptat totes les mesures tecnol\u00f2giques necess\u00e0ries per evitar-ho.&nbsp;<\/p>\n\n\n\n<p><strong>7. MODIFICACIONS<\/strong><\/p>\n\n\n\n<p>La Professional titular del Lloc web es reserva el dret d'efectuar sense previ av\u00eds les modificacions que consideri oportunes al seu portal, podent canviar, suprimir o afegir tant els continguts i serveis que es prestin a trav\u00e9s d'aquesta com la forma a la que aquests apareguin presentats o localitzats al vostre portal.&nbsp;<\/p>\n\n\n\n<p><strong>8. ENLLA\u00c7OS&nbsp;<\/strong><\/p>\n\n\n\n<p>En el cas que al lloc web es disposessin enlla\u00e7os o hipervincles cap a altres llocs d'Internet, la Professional titular del Lloc web no exercir\u00e0 cap tipus de control sobre aquests llocs i continguts. En cap cas la Professional titular del Lloc web, assumir\u00e0 cap responsabilitat pels continguts d'algun enlla\u00e7 pertanyent a un lloc web ali\u00e8, ni garantir\u00e0 la disponibilitat t\u00e8cnica, qualitat, fiabilitat, exactitud, amplitud, veracitat, validesa i constitucionalitat de qualsevol material o informaci\u00f3 continguda en cap daquests hipervincles o altres llocs dInternet. Igualment, la inclusi\u00f3 d'aquestes connexions externes no implicar\u00e0 cap mena d'associaci\u00f3, fusi\u00f3 o participaci\u00f3 amb les entitats connectades.&nbsp;<\/p>\n\n\n\n<p><strong>9. DRET D'EXCLUSI\u00d3&nbsp;<\/strong><\/p>\n\n\n\n<p>La Professional titular del Lloc web es reserva el dret a denegar o retirar l'acc\u00e9s al portal i\/o als serveis professionals oferts sense necessitat de preav\u00eds, a inst\u00e0ncia pr\u00f2pia o d'un tercer, a aquells usuaris que incompleixin les presents Condicions Generals d'\u00fas.&nbsp;<\/p>\n\n\n\n<p><strong>10. ACCIONS DAVANT DE INCOMPLIMENTS&nbsp;<\/strong><\/p>\n\n\n\n<p>La Professional titular del Lloc web perseguir\u00e0 l'incompliment de les presents condicions, aix\u00ed com qualsevol utilitzaci\u00f3 indeguda del seu portal exercint totes les accions civils i penals que li puguin correspondre en dret.&nbsp;<\/p>\n\n\n\n<p><strong>11. CANVIS A LES PRESENTS CONDICIONS I DURADA&nbsp;<\/strong><\/p>\n\n\n\n<p>La Professional titular del Lloc web podr\u00e0 modificar en qualsevol moment les condicions aqu\u00ed determinades, sent degudament publicades com aqu\u00ed apareixen. La vig\u00e8ncia de les condicions esmentades anir\u00e0 en funci\u00f3 de la seva exposici\u00f3 i estaran vigents fins que siguin modificades per altres degudament publicades.&nbsp;<\/p>\n\n\n\n<p><strong>12. LEGISLACI\u00d3 APLICABLE I JURISDICCI\u00d3&nbsp;<\/strong><\/p>\n\n\n\n<p>La relaci\u00f3 entre la Professional titular del Lloc web i l'USUARI es regir\u00e0 per la normativa espanyola vigent i qualsevol controv\u00e8rsia se sotmetr\u00e0 als Jutjats i Tribunals de la ciutat Ciutadella de Menorca, Illes Balears.&nbsp;<\/p>\n\n\n\n<p>En cas que l'USUARI tingui consideraci\u00f3 de consumidor, l'anterior submissi\u00f3 expressa no tindr\u00e0 efecte, de manera que l'eventual controv\u00e8rsia se sotmetr\u00e0 a la jurisdicci\u00f3 i compet\u00e8ncia dels Jutjats i Tribunals del domicili del consumidor.&nbsp;<\/p> >\n\n\n\n<p><strong>PER QUALSEVOL DUBTE O ACLARACI\u00d3, NO DUBTI EN CONTRATAR AMB LA PROFESSIONAL TITULAR DEL LLOC WEB<\/strong><\/p>\n\n\n\n<p>Data d'\u00faltima actualitzaci\u00f3: Maig de 2023.<br><\/p>","protected":false},"excerpt":{"rendered":"<p>1. DADES IDENTIFICATIVES TITULAR DEL LLOC WEB&nbsp; En compliment amb el deure informaci\u00f3 recollit a l'article 10 de la Llei 34\/2002, d'11 de juliol, de Serveis de la Societat de la Informaci\u00f3 i del Comer\u00e7 Electr\u00f2nic (LSSI), a continuaci\u00f3, es reflecteixen les dades seg\u00fcents identificatius.&nbsp; Titular del domini web www.juliagelabert.com : Julia Gelabert Pons, Psic\u00f2loga [&hellip;]<\/p>","protected":false},"author":1,"featured_media":0,"parent":0,"menu_order":0,"comment_status":"closed","ping_status":"closed","template":"","meta":{"footnotes":""},"class_list":["post-158","page","type-page","status-publish","hentry"],"yoast_head":"<!-- This site is optimized with the Yoast SEO plugin v23.3 - https:\/\/yoast.com\/wordpress\/plugins\/seo\/ -->\n<title>Av\u00eds legal - Julia Gelabert<\/title>\n<meta name=\"robots\" content=\"index, follow, max-snippet:-1, max-image-preview:large, max-video-preview:-1\" \/>\n<link rel=\"canonical\" href=\"https:\/\/juliagelabert.com\/ca\/avis-legal\/\" \/>\n<meta property=\"og:locale\" content=\"ca_ES\" \/>\n<meta property=\"og:type\" content=\"article\" \/>\n<meta property=\"og:title\" content=\"Av\u00eds legal - Julia Gelabert\" \/>\n<meta property=\"og:description\" content=\"1. DADES IDENTIFICATIVES TITULAR DEL LLOC WEB&nbsp; En compliment amb el deure informaci\u00f3 recollit a l&#039;article 10 de la Llei 34\/2002, d&#039;11 de juliol, de Serveis de la Societat de la Informaci\u00f3 i del Comer\u00e7 Electr\u00f2nic (LSSI), a continuaci\u00f3, es reflecteixen les dades seg\u00fcents identificatius.&nbsp; Titular del domini web www.juliagelabert.com : Julia Gelabert Pons, Psic\u00f2loga [&hellip;]\" \/>\n<meta property=\"og:url\" content=\"https:\/\/juliagelabert.com\/ca\/avis-legal\/\" \/>\n<meta property=\"og:site_name\" content=\"Julia Gelabert\" \/>\n<meta property=\"article:modified_time\" content=\"2024-09-03T14:17:14+00:00\" \/>\n<meta property=\"og:image\" content=\"https:\/\/juliagelabert.com\/wp-content\/uploads\/2021\/12\/cartell-1.jpg\" \/>\n\t<meta property=\"og:image:width\" content=\"964\" \/>\n\t<meta property=\"og:image:height\" content=\"964\" \/>\n\t<meta property=\"og:image:type\" content=\"image\/jpeg\" \/>\n<meta name=\"twitter:card\" content=\"summary_large_image\" \/>\n<meta name=\"twitter:label1\" content=\"Temps estimat de lectura\" \/>\n\t<meta name=\"twitter:data1\" content=\"6 minuts\" \/>\n<script type=\"application\/ld+json\" class=\"yoast-schema-graph\">{\"@context\":\"https:\/\/schema.org\",\"@graph\":[{\"@type\":\"WebPage\",\"@id\":\"https:\/\/juliagelabert.com\/avis-legal\/\",\"url\":\"https:\/\/juliagelabert.com\/avis-legal\/\",\"name\":\"Av\u00eds legal - Julia Gelabert\",\"isPartOf\":{\"@id\":\"https:\/\/juliagelabert.com\/#website\"},\"datePublished\":\"2024-09-03T14:17:13+00:00\",\"dateModified\":\"2024-09-03T14:17:14+00:00\",\"breadcrumb\":{\"@id\":\"https:\/\/juliagelabert.com\/avis-legal\/#breadcrumb\"},\"inLanguage\":\"ca\",\"potentialAction\":[{\"@type\":\"ReadAction\",\"target\":[\"https:\/\/juliagelabert.com\/avis-legal\/\"]}]},{\"@type\":\"BreadcrumbList\",\"@id\":\"https:\/\/juliagelabert.com\/avis-legal\/#breadcrumb\",\"itemListElement\":[{\"@type\":\"ListItem\",\"position\":1,\"name\":\"Portada\",\"item\":\"https:\/\/juliagelabert.com\/\"},{\"@type\":\"ListItem\",\"position\":2,\"name\":\"Av\u00eds legal\"}]},{\"@type\":\"WebSite\",\"@id\":\"https:\/\/juliagelabert.com\/#website\",\"url\":\"https:\/\/juliagelabert.com\/\",\"name\":\"Julia Gelabert\",\"description\":\"Julia Gelabert | Salut i Nutrici\u00f3\",\"publisher\":{\"@id\":\"https:\/\/juliagelabert.com\/#organization\"},\"potentialAction\":[{\"@type\":\"SearchAction\",\"target\":{\"@type\":\"EntryPoint\",\"urlTemplate\":\"https:\/\/juliagelabert.com\/?s={search_term_string}\"},\"query-input\":\"required name=search_term_string\"}],\"inLanguage\":\"ca\"},{\"@type\":\"Organization\",\"@id\":\"https:\/\/juliagelabert.com\/#organization\",\"name\":\"J\u00falia Gelabert\",\"url\":\"https:\/\/juliagelabert.com\/\",\"logo\":{\"@type\":\"ImageObject\",\"inLanguage\":\"ca\",\"@id\":\"https:\/\/juliagelabert.com\/#\/schema\/logo\/image\/\",\"url\":\"https:\/\/juliagelabert.com\/wp-content\/uploads\/2021\/12\/cartell-1.jpg\",\"contentUrl\":\"https:\/\/juliagelabert.com\/wp-content\/uploads\/2021\/12\/cartell-1.jpg\",\"width\":964,\"height\":964,\"caption\":\"J\u00falia Gelabert\"},\"image\":{\"@id\":\"https:\/\/juliagelabert.com\/#\/schema\/logo\/image\/\"},\"sameAs\":[\"https:\/\/www.instagram.com\/julia.dietista\/\"]}]}<\/script>\n<!-- \/ Yoast SEO plugin. -->","yoast_head_json":{"title":"Av\u00eds legal - Julia Gelabert","robots":{"index":"index","follow":"follow","max-snippet":"max-snippet:-1","max-image-preview":"max-image-preview:large","max-video-preview":"max-video-preview:-1"},"canonical":"https:\/\/juliagelabert.com\/ca\/avis-legal\/","og_locale":"ca_ES","og_type":"article","og_title":"Av\u00eds legal - Julia Gelabert","og_description":"1. DADES IDENTIFICATIVES TITULAR DEL LLOC WEB&nbsp; En compliment amb el deure informaci\u00f3 recollit a l'article 10 de la Llei 34\/2002, d'11 de juliol, de Serveis de la Societat de la Informaci\u00f3 i del Comer\u00e7 Electr\u00f2nic (LSSI), a continuaci\u00f3, es reflecteixen les dades seg\u00fcents identificatius.&nbsp; Titular del domini web www.juliagelabert.com : Julia Gelabert Pons, Psic\u00f2loga [&hellip;]","og_url":"https:\/\/juliagelabert.com\/ca\/avis-legal\/","og_site_name":"Julia Gelabert","article_modified_time":"2024-09-03T14:17:14+00:00","og_image":[{"width":964,"height":964,"url":"https:\/\/juliagelabert.com\/wp-content\/uploads\/2021\/12\/cartell-1.jpg","type":"image\/jpeg"}],"twitter_card":"summary_large_image","twitter_misc":{"Temps estimat de lectura":"6 minuts"},"schema":{"@context":"https:\/\/schema.org","@graph":[{"@type":"WebPage","@id":"https:\/\/juliagelabert.com\/avis-legal\/","url":"https:\/\/juliagelabert.com\/avis-legal\/","name":"Av\u00eds legal - Julia Gelabert","isPartOf":{"@id":"https:\/\/juliagelabert.com\/#website"},"datePublished":"2024-09-03T14:17:13+00:00","dateModified":"2024-09-03T14:17:14+00:00","breadcrumb":{"@id":"https:\/\/juliagelabert.com\/avis-legal\/#breadcrumb"},"inLanguage":"ca","potentialAction":[{"@type":"ReadAction","target":["https:\/\/juliagelabert.com\/avis-legal\/"]}]},{"@type":"BreadcrumbList","@id":"https:\/\/juliagelabert.com\/avis-legal\/#breadcrumb","itemListElement":[{"@type":"ListItem","position":1,"name":"Portada","item":"https:\/\/juliagelabert.com\/"},{"@type":"ListItem","position":2,"name":"Av\u00eds legal"}]},{"@type":"WebSite","@id":"https:\/\/juliagelabert.com\/#website","url":"https:\/\/juliagelabert.com\/","name":"Julia Gelabert","description":"Julia Gelabert | Salut i Nutrici\u00f3","publisher":{"@id":"https:\/\/juliagelabert.com\/#organization"},"potentialAction":[{"@type":"SearchAction","target":{"@type":"EntryPoint","urlTemplate":"https:\/\/juliagelabert.com\/?s={search_term_string}"},"query-input":"required name=search_term_string"}],"inLanguage":"ca"},{"@type":"Organization","@id":"https:\/\/juliagelabert.com\/#organization","name":"J\u00falia Gelabert","url":"https:\/\/juliagelabert.com\/","logo":{"@type":"ImageObject","inLanguage":"ca","@id":"https:\/\/juliagelabert.com\/#\/schema\/logo\/image\/","url":"https:\/\/juliagelabert.com\/wp-content\/uploads\/2021\/12\/cartell-1.jpg","contentUrl":"https:\/\/juliagelabert.com\/wp-content\/uploads\/2021\/12\/cartell-1.jpg","width":964,"height":964,"caption":"J\u00falia Gelabert"},"image":{"@id":"https:\/\/juliagelabert.com\/#\/schema\/logo\/image\/"},"sameAs":["https:\/\/www.instagram.com\/julia.dietista\/"]}]}},"_links":{"self":[{"href":"https:\/\/juliagelabert.com\/ca\/wp-json\/wp\/v2\/pages\/158"}],"collection":[{"href":"https:\/\/juliagelabert.com\/ca\/wp-json\/wp\/v2\/pages"}],"about":[{"href":"https:\/\/juliagelabert.com\/ca\/wp-json\/wp\/v2\/types\/page"}],"author":[{"embeddable":true,"href":"https:\/\/juliagelabert.com\/ca\/wp-json\/wp\/v2\/users\/1"}],"replies":[{"embeddable":true,"href":"https:\/\/juliagelabert.com\/ca\/wp-json\/wp\/v2\/comments?post=158"}],"version-history":[{"count":1,"href":"https:\/\/juliagelabert.com\/ca\/wp-json\/wp\/v2\/pages\/158\/revisions"}],"predecessor-version":[{"id":159,"href":"https:\/\/juliagelabert.com\/ca\/wp-json\/wp\/v2\/pages\/158\/revisions\/159"}],"wp:attachment":[{"href":"https:\/\/juliagelabert.com\/ca\/wp-json\/wp\/v2\/media?parent=158"}],"curies":[{"name":"wp","href":"https:\/\/api.w.org\/{rel}","templated":true}]}}